{"id":1690,"date":"2024-09-03T09:48:54","date_gmt":"2024-09-03T06:48:54","guid":{"rendered":"https:\/\/upglobal.net\/?page_id=1690"},"modified":"2025-08-06T12:14:01","modified_gmt":"2025-08-06T09:14:01","slug":"vaihto-oppilasvuosi-isantaperheessa-nain-kaikki-toimii","status":"publish","type":"page","link":"https:\/\/upglobal.net\/fi\/vaihto-oppilasvuosi-isantaperheessa-nain-kaikki-toimii\/","title":{"rendered":"Vaihto-oppilasvuosi is\u00e4nt\u00e4perheess\u00e4 &#8211; n\u00e4in kaikki toimii"},"content":{"rendered":"\t\t<div data-elementor-type=\"wp-page\" data-elementor-id=\"1690\" class=\"elementor elementor-1690\" data-elementor-settings=\"{&quot;element_pack_global_tooltip_width&quot;:{&quot;unit&quot;:&quot;px&quot;,&quot;size&quot;:&quot;&quot;,&quot;sizes&quot;:[]},&quot;element_pack_global_tooltip_width_tablet&quot;:{&quot;unit&quot;:&quot;px&quot;,&quot;size&quot;:&quot;&quot;,&quot;sizes&quot;:[]},&quot;element_pack_global_tooltip_width_mobile&quot;:{&quot;unit&quot;:&quot;px&quot;,&quot;size&quot;:&quot;&quot;,&quot;sizes&quot;:[]},&quot;element_pack_global_tooltip_padding&quot;:{&quot;unit&quot;:&quot;px&quot;,&quot;top&quot;:&quot;&quot;,&quot;right&quot;:&quot;&quot;,&quot;bottom&quot;:&quot;&quot;,&quot;left&quot;:&quot;&quot;,&quot;isLinked&quot;:true},&quot;element_pack_global_tooltip_padding_tablet&quot;:{&quot;unit&quot;:&quot;px&quot;,&quot;top&quot;:&quot;&quot;,&quot;right&quot;:&quot;&quot;,&quot;bottom&quot;:&quot;&quot;,&quot;left&quot;:&quot;&quot;,&quot;isLinked&quot;:true},&quot;element_pack_global_tooltip_padding_mobile&quot;:{&quot;unit&quot;:&quot;px&quot;,&quot;top&quot;:&quot;&quot;,&quot;right&quot;:&quot;&quot;,&quot;bottom&quot;:&quot;&quot;,&quot;left&quot;:&quot;&quot;,&quot;isLinked&quot;:true},&quot;element_pack_global_tooltip_border_radius&quot;:{&quot;unit&quot;:&quot;px&quot;,&quot;top&quot;:&quot;&quot;,&quot;right&quot;:&quot;&quot;,&quot;bottom&quot;:&quot;&quot;,&quot;left&quot;:&quot;&quot;,&quot;isLinked&quot;:true},&quot;element_pack_global_tooltip_border_radius_tablet&quot;:{&quot;unit&quot;:&quot;px&quot;,&quot;top&quot;:&quot;&quot;,&quot;right&quot;:&quot;&quot;,&quot;bottom&quot;:&quot;&quot;,&quot;left&quot;:&quot;&quot;,&quot;isLinked&quot;:true},&quot;element_pack_global_tooltip_border_radius_mobile&quot;:{&quot;unit&quot;:&quot;px&quot;,&quot;top&quot;:&quot;&quot;,&quot;right&quot;:&quot;&quot;,&quot;bottom&quot;:&quot;&quot;,&quot;left&quot;:&quot;&quot;,&quot;isLinked&quot;:true}}\" data-elementor-post-type=\"page\">\n\t\t\t\t<div class=\"elementor-element elementor-element-206572cf e-con-full e-flex e-con e-parent\" data-id=\"206572cf\" data-element_type=\"container\" data-settings=\"{&quot;background_background&quot;:&quot;classic&quot;}\">\n\t\t<div class=\"elementor-element elementor-element-4aefa6f2 e-flex e-con-boxed e-con e-child\" data-id=\"4aefa6f2\" data-element_type=\"container\">\n\t\t\t\t\t<div class=\"e-con-inner\">\n\t\t\t\t<div class=\"elementor-element elementor-element-2e960296 elementor-widget elementor-widget-text-editor\" data-id=\"2e960296\" data-element_type=\"widget\" data-widget_type=\"text-editor.default\">\n\t\t\t\t<div class=\"elementor-widget-container\">\n\t\t\t\t\t\t\t\t\t<h1>Vaihto-oppilaaksi is\u00e4nt\u00e4perheeseen<\/h1><h1><span style=\"color: #6c62e1;\">N\u00e4in kaikki toimii<\/span><\/h1>\t\t\t\t\t\t\t\t<\/div>\n\t\t\t\t<\/div>\n\t\t\t\t<div class=\"elementor-element elementor-element-4b5c6a3d elementor-widget elementor-widget-text-editor\" data-id=\"4b5c6a3d\" data-element_type=\"widget\" data-widget_type=\"text-editor.default\">\n\t\t\t\t<div class=\"elementor-widget-container\">\n\t\t\t\t\t\t\t\t\t<p>T\u00e4ll\u00e4 sivulla voit tutustua miten haet vaihto-oppilaaksi is\u00e4nt\u00e4perheohjelmiimme \u2013 t\u00e4st\u00e4 se l\u00e4htee!<\/p>\t\t\t\t\t\t\t\t<\/div>\n\t\t\t\t<\/div>\n\t\t\t\t\t<\/div>\n\t\t\t\t<\/div>\n\t\t\t\t<\/div>\n\t\t<div class=\"elementor-element elementor-element-61f857b e-flex e-con-boxed e-con e-parent\" data-id=\"61f857b\" data-element_type=\"container\">\n\t\t\t\t\t<div class=\"e-con-inner\">\n\t\t<div class=\"elementor-element elementor-element-dd19dd3 e-con-full e-flex e-con e-child\" data-id=\"dd19dd3\" data-element_type=\"container\" data-settings=\"{&quot;background_background&quot;:&quot;classic&quot;}\">\n\t\t\t\t<\/div>\n\t\t\t\t\t<\/div>\n\t\t\t\t<\/div>\n\t\t<div class=\"elementor-element elementor-element-1a4b54e e-con-full e-flex e-con e-parent\" data-id=\"1a4b54e\" data-element_type=\"container\" data-settings=\"{&quot;background_background&quot;:&quot;classic&quot;}\">\n\t\t<div class=\"elementor-element elementor-element-419f956b e-flex e-con-boxed e-con e-child\" data-id=\"419f956b\" data-element_type=\"container\">\n\t\t\t\t\t<div class=\"e-con-inner\">\n\t\t<div class=\"elementor-element elementor-element-ce68b3c e-con-full e-flex e-con e-child\" data-id=\"ce68b3c\" data-element_type=\"container\">\n\t\t\t\t<div class=\"elementor-element elementor-element-3a9f5d63 elementor-widget elementor-widget-text-editor\" data-id=\"3a9f5d63\" data-element_type=\"widget\" data-widget_type=\"text-editor.default\">\n\t\t\t\t<div class=\"elementor-widget-container\">\n\t\t\t\t\t\t\t\t\t<h2>Henkil\u00f6kohtainen <span style=\"color: #6c62e1;\">tapaaminen<\/span><\/h2>\t\t\t\t\t\t\t\t<\/div>\n\t\t\t\t<\/div>\n\t\t\t\t<\/div>\n\t\t<div class=\"elementor-element elementor-element-288c6cdf e-con-full e-flex e-con e-child\" data-id=\"288c6cdf\" data-element_type=\"container\">\n\t\t\t\t<div class=\"elementor-element elementor-element-91547ee elementor-widget elementor-widget-text-editor\" data-id=\"91547ee\" data-element_type=\"widget\" data-widget_type=\"text-editor.default\">\n\t\t\t\t<div class=\"elementor-widget-container\">\n\t\t\t\t\t\t\t\t\t<p>Varaa aika kalenteristamme tai j\u00e4t\u00e4 yhteydenottopyynt\u00f6. Voit my\u00f6s saapua tapaamiseen toimistollemme Pirkkalaan. Tapaamisen aikana mietimme sopivan ohjelman toiveidesi ja tavoitteidesi pohjalta. Vanhempasi ovat my\u00f6s tervetulleita mukaan.<\/p>\t\t\t\t\t\t\t\t<\/div>\n\t\t\t\t<\/div>\n\t\t\t\t<div class=\"elementor-element elementor-element-3283e12 elementor-mobile-align-center elementor-widget elementor-widget-global elementor-global-4505 elementor-widget-button\" data-id=\"3283e12\" data-element_type=\"widget\" data-widget_type=\"button.default\">\n\t\t\t\t<div class=\"elementor-widget-container\">\n\t\t\t\t\t\t\t\t\t<div class=\"elementor-button-wrapper\">\n\t\t\t\t\t<a class=\"elementor-button elementor-button-link elementor-size-sm\" href=\"https:&#x2f;\/&#x6f;&#117;&#x74;&#108;o&#x6f;k&#x2e;&#111;&#x66;&#102;i&#x63;&#101;&#x33;&#54;5&#x2e;c&#x6f;&#109;&#x2f;&#98;o&#x6f;k&#x2f;&#85;&#x6e;&#x69;v&#x65;&#114;&#x73;&#97;l&#x50;l&#x61;&#121;&#x65;&#114;s&#x47;&#108;&#x6f;&#98;&#x61;&#x6c;&#64;&#x75;&#112;&#x67;&#108;o&#x62;a&#x6c;&#46;&#x6e;&#101;t\/\" target=\"_blank\">\n\t\t\t\t\t\t<span class=\"elementor-button-content-wrapper\">\n\t\t\t\t\t\t\t\t\t<span class=\"elementor-button-text\">Varaa tapaaminen<\/span>\n\t\t\t\t\t<\/span>\n\t\t\t\t\t<\/a>\n\t\t\t\t<\/div>\n\t\t\t\t\t\t\t\t<\/div>\n\t\t\t\t<\/div>\n\t\t\t\t<div class=\"elementor-element elementor-element-17838ad elementor-mobile-align-center elementor-widget elementor-widget-global elementor-global-8742 elementor-widget-button\" data-id=\"17838ad\" data-element_type=\"widget\" data-widget_type=\"button.default\">\n\t\t\t\t<div class=\"elementor-widget-container\">\n\t\t\t\t\t\t\t\t\t<div class=\"elementor-button-wrapper\">\n\t\t\t\t\t<a class=\"elementor-button elementor-button-link elementor-size-sm\" href=\"#elementor-action%3Aaction%3Dpopup%3Aopen%26settings%3DeyJpZCI6IjY0NjUiLCJ0b2dnbGUiOmZhbHNlfQ%3D%3D\">\n\t\t\t\t\t\t<span class=\"elementor-button-content-wrapper\">\n\t\t\t\t\t\t\t\t\t<span class=\"elementor-button-text\">Ota yhteytt\u00e4<\/span>\n\t\t\t\t\t<\/span>\n\t\t\t\t\t<\/a>\n\t\t\t\t<\/div>\n\t\t\t\t\t\t\t\t<\/div>\n\t\t\t\t<\/div>\n\t\t\t\t<\/div>\n\t\t\t\t\t<\/div>\n\t\t\t\t<\/div>\n\t\t\t\t<\/div>\n\t\t<div class=\"elementor-element elementor-element-716d02b2 e-con-full e-flex e-con e-parent\" data-id=\"716d02b2\" data-element_type=\"container\" data-settings=\"{&quot;background_background&quot;:&quot;classic&quot;}\">\n\t\t<div class=\"elementor-element elementor-element-3a24ef5e e-flex e-con-boxed e-con e-child\" data-id=\"3a24ef5e\" data-element_type=\"container\">\n\t\t\t\t\t<div class=\"e-con-inner\">\n\t\t<div class=\"elementor-element elementor-element-1e6c20ea e-con-full e-flex e-con e-child\" data-id=\"1e6c20ea\" data-element_type=\"container\" data-settings=\"{&quot;background_background&quot;:&quot;classic&quot;}\">\n\t\t\t\t<div class=\"elementor-element elementor-element-26f2324a elementor-absolute elementor-widget elementor-widget-image\" data-id=\"26f2324a\" data-element_type=\"widget\" data-settings=\"{&quot;_position&quot;:&quot;absolute&quot;}\" data-widget_type=\"image.default\">\n\t\t\t\t<div class=\"elementor-widget-container\">\n\t\t\t\t\t\t\t\t\t\t\t\t\t\t\t<img decoding=\"async\" src=\"https:\/\/upglobal.net\/wp-content\/uploads\/elementor\/thumbs\/UP_Label_RGB_UP_Global_Ruusuke_Minttu-r3yxqkcb0jgw130ydzruti82pjhhfjwksb6vc8qzhe.png\" title=\"UP_Label_RGB_UP_Global_Ruusuke_Minttu\" alt=\"UP_Label_RGB_UP_Global_Ruusuke_Minttu\" loading=\"lazy\" \/>\t\t\t\t\t\t\t\t\t\t\t\t\t\t\t<\/div>\n\t\t\t\t<\/div>\n\t\t\t\t<\/div>\n\t\t<div class=\"elementor-element elementor-element-74b39b97 e-con-full e-flex e-con e-child\" data-id=\"74b39b97\" data-element_type=\"container\">\n\t\t\t\t<div class=\"elementor-element elementor-element-78fe06e elementor-widget elementor-widget-text-editor\" data-id=\"78fe06e\" data-element_type=\"widget\" data-widget_type=\"text-editor.default\">\n\t\t\t\t<div class=\"elementor-widget-container\">\n\t\t\t\t\t\t\t\t\t<p><strong>Ohjelman valinta ja hyv\u00e4ksynt\u00e4.<\/strong>\u00a0<span style=\"text-align: var(--text-align); background-color: var( --e-global-color-d1995fe ); color: var( --e-global-color-5fe3123 ); font-size: 1rem;\">Sopivan ohjelman l\u00f6ydytty\u00e4 saat p\u00e4\u00e4t\u00f6ksen ohjelmapaikasta.<\/span><\/p><p><!--StartFragment--><!--EndFragment--><\/p><p><!--StartFragment--><!--EndFragment--><\/p><p><strong><span style=\"text-align: var(--text-align); background-color: var( --e-global-color-d1995fe ); color: var( --e-global-color-5fe3123 ); font-size: 1rem;\">Ohjelmapaikan lunastus.<\/span><\/strong>\u00a0<span style=\"text-align: var(--text-align); background-color: var( --e-global-color-d1995fe ); color: var( --e-global-color-5fe3123 ); font-size: 1rem;\">Paikka vastaanotetaan allekirjoittamalla sopimus ja maksamalla varausmaksu. T\u00e4ss\u00e4 vaiheessa olemme sopineet yhteisty\u00f6st\u00e4, ja sopimus on sitova. Valitessasi Kanadan tai Uuden-Seelannin ohjelman, t\u00e4ss\u00e4 vaiheessa tehd\u00e4\u00e4n p\u00e4\u00e4t\u00f6s sopivasta sijainnista ja koulusta.<\/span><\/p><p><strong>Vaihto-oppilaan hakemuspaketin kokoaminen.<\/strong> Ensimm\u00e4iseksi saat meilt\u00e4 kattavat ohjeet hakemuksen valmisteluun. T\u00e4ss\u00e4 vaiheessa suoritat my\u00f6s ohjelmakohtaisen kielitestin ja p\u00e4\u00e4set kertomaan itsest\u00e4si vaihto-oppilashakemuksessasi. Olemme apunasi koko hakemusprosessin ajan.<\/p><p><strong>Hakemuksen hyv\u00e4ksyminen.<\/strong> Kun koko hakemuspaketti on valmis, se l\u00e4hetet\u00e4\u00e4n eteenp\u00e4in arvioitavaksi. P\u00e4\u00e4t\u00f6ksen hakemuksen hyv\u00e4ksymisest\u00e4 tekee ohjelman tuottaja, koulu tai koulupiiri kohdemaassa.<\/p><p><strong>Is\u00e4nt\u00e4perheen etsint\u00e4 alkaa.<\/strong> Saat tiedon tulevasta is\u00e4nt\u00e4perheest\u00e4si kev\u00e4\u00e4n tai kes\u00e4n aikana. Jos l\u00e4ht\u00f6si on tammikuussa, tieto saapuu syksyn aikana. My\u00f6s koulupaikkasi selvi\u00e4\u00e4 t\u00e4ss\u00e4 vaiheessa, mik\u00e4li sit\u00e4 ei ole ennakkoon valittu (Kanada ja Uusi-Seelanti).<\/p><p><strong>Viisumin tai opiskelijaluvan haku. <\/strong>Riippuen kohdemaasta sinun tulee hakea viisumia tai opiskelijalupaa. Saat meilt\u00e4 kattavat ohjeet.<\/p><p><strong>L\u00e4ht\u00f6valmennus. <\/strong>Kaikkiin ohjelmiimme osallistuville nuorille j\u00e4rjestet\u00e4\u00e4n l\u00e4ht\u00f6valmennus. Oppilaille valmennus on pakollinen ja vanhemmille vapaaehtoinen. Saat kaikki t\u00e4rke\u00e4t dokumentit ja Student Handbookin l\u00e4ht\u00f6valmisteluja varten.<\/p><p><strong>Meet &amp; Greet. <\/strong>Yhteinen tapaaminen vaihtoon l\u00e4htevien nuorten kesken mukavan ohjelman kera. Aiemmin vaihdossa olleet UP Alumnit kertovat kokemuksistaan ja vastailevat kysymyksiin.<\/p><p><strong>Oma UP tukioppilas. <\/strong>Sinulle nimet\u00e4\u00e4n oma henkil\u00f6kohtainen UP tukioppilas, jolta voit kysell\u00e4 neuvoja ja vinkkej\u00e4 ennen vaihtoa sek\u00e4 sen aikana.<\/p><p><strong>Kaikki valmista. <\/strong>Unohtumaton vaihtokokemuksesi alkaa!<\/p><p><strong>Saapuminen uuteen kotimaahan. <\/strong>Tapaat is\u00e4nt\u00e4perheesi, koulusi alkaa ja p\u00e4\u00e4set tutustumaan uusin ihmisiin. Vaihtovuoden edetess\u00e4 kielitaitosi kehittyy, saat uusia yst\u00e4vi\u00e4 ja tutustut kohdemaasi kulttuuriin.<\/p><p><strong>Alumnitoiminta. <\/strong>Vaihtovuoden j\u00e4lkeen p\u00e4\u00e4set mukaan UP Globalin alumnitoimintaan \u2013 tervetuloa!<\/p><p><!--StartFragment--><!--EndFragment--><\/p>\t\t\t\t\t\t\t\t<\/div>\n\t\t\t\t<\/div>\n\t\t\t\t<\/div>\n\t\t\t\t\t<\/div>\n\t\t\t\t<\/div>\n\t\t\t\t<\/div>\n\t\t<div class=\"elementor-element elementor-element-b9a5381 e-flex e-con-boxed e-con e-parent\" data-id=\"b9a5381\" data-element_type=\"container\">\n\t\t\t\t\t<div class=\"e-con-inner\">\n\t\t<div class=\"elementor-element elementor-element-d666cb1 e-con-full e-flex e-con e-child\" data-id=\"d666cb1\" data-element_type=\"container\" data-settings=\"{&quot;background_background&quot;:&quot;classic&quot;}\">\n\t\t\t\t<\/div>\n\t\t\t\t\t<\/div>\n\t\t\t\t<\/div>\n\t\t\t\t<\/div>\n\t\t","protected":false},"excerpt":{"rendered":"<p>Vaihto-oppilaaksi is\u00e4nt\u00e4perheeseen N\u00e4in kaikki toimii T\u00e4ll\u00e4 sivulla voit tutustua miten haet vaihto-oppilaaksi is\u00e4nt\u00e4perheohjelmiimme \u2013 t\u00e4st\u00e4 se l\u00e4htee! Henkil\u00f6kohtainen tapaaminen Varaa aika kalenteristamme tai j\u00e4t\u00e4 yhteydenottopyynt\u00f6. Voit my\u00f6s saapua tapaamiseen toimistollemme Pirkkalaan. Tapaamisen aikana mietimme sopivan ohjelman toiveidesi ja tavoitteidesi pohjalta. Vanhempasi ovat my\u00f6s tervetulleita mukaan. Varaa tapaaminen Ota yhteytt\u00e4 Ohjelman valinta ja hyv\u00e4ksynt\u00e4.\u00a0Sopivan ohjelman l\u00f6ydytty\u00e4 [&hellip;]<\/p>\n","protected":false},"author":2,"featured_media":5280,"parent":0,"menu_order":0,"comment_status":"closed","ping_status":"closed","template":"","meta":{"footnotes":""},"categories":[9],"tags":[34],"class_list":["post-1690","page","type-page","status-publish","has-post-thumbnail","hentry","category-lukio","tag-etusivu1"],"yoast_head":"<!-- This site is optimized with the Yoast SEO plugin v26.8 - https:\/\/yoast.com\/product\/yoast-seo-wordpress\/ -->\n<title>Vaihto-oppilasvuosi is\u00e4nt\u00e4perheess\u00e4 - n\u00e4in kaikki toimii - UP Global<\/title>\n<meta name=\"description\" content=\"Koska hakemuspaketti on t\u00e4rke\u00e4 osa hakuprosessia, toimitamme sinulle hakemuksen yhteydess\u00e4 selke\u00e4t ohjeet sen tekoon ja tiimimme on apunasi koko hakuprosessin ajan. Osallistut yhdess\u00e4 muiden hakijoiden kanssa vaadittuun kielitasokokeeseen, joita j\u00e4rjest\u00e4mme toimistoillamme.\" \/>\n<meta name=\"robots\" content=\"index, follow, max-snippet:-1, max-image-preview:large, max-video-preview:-1\" \/>\n<link rel=\"canonical\" href=\"https:\/\/upglobal.net\/fi\/vaihto-oppilasvuosi-isantaperheessa-nain-kaikki-toimii\/\" \/>\n<meta property=\"og:locale\" content=\"fi_FI\" \/>\n<meta property=\"og:type\" content=\"article\" \/>\n<meta property=\"og:title\" content=\"Vaihto-oppilasvuosi is\u00e4nt\u00e4perheess\u00e4 - n\u00e4in kaikki toimii - UP Global\" \/>\n<meta property=\"og:description\" content=\"Koska hakemuspaketti on t\u00e4rke\u00e4 osa hakuprosessia, toimitamme sinulle hakemuksen yhteydess\u00e4 selke\u00e4t ohjeet sen tekoon ja tiimimme on apunasi koko hakuprosessin ajan. Osallistut yhdess\u00e4 muiden hakijoiden kanssa vaadittuun kielitasokokeeseen, joita j\u00e4rjest\u00e4mme toimistoillamme.\" \/>\n<meta property=\"og:url\" content=\"https:\/\/upglobal.net\/fi\/vaihto-oppilasvuosi-isantaperheessa-nain-kaikki-toimii\/\" \/>\n<meta property=\"og:site_name\" content=\"UP Global\" \/>\n<meta property=\"article:modified_time\" content=\"2025-08-06T09:14:01+00:00\" \/>\n<meta property=\"og:image\" content=\"https:\/\/upglobal.net\/wp-content\/uploads\/2024\/11\/vaihtooppilaaksi_isantaperhe_usa_5-scaled.jpg\" \/>\n\t<meta property=\"og:image:width\" content=\"2560\" \/>\n\t<meta property=\"og:image:height\" content=\"1920\" \/>\n\t<meta property=\"og:image:type\" content=\"image\/jpeg\" \/>\n<meta name=\"twitter:card\" content=\"summary_large_image\" \/>\n<meta name=\"twitter:label1\" content=\"Arvioitu lukuaika\" \/>\n\t<meta name=\"twitter:data1\" content=\"2 minuuttia\" \/>\n<script type=\"application\/ld+json\" class=\"yoast-schema-graph\">{\"@context\":\"https:\/\/schema.org\",\"@graph\":[{\"@type\":\"WebPage\",\"@id\":\"https:\/\/upglobal.net\/vaihto-oppilasvuosi-isantaperheessa-nain-kaikki-toimii\/\",\"url\":\"https:\/\/upglobal.net\/vaihto-oppilasvuosi-isantaperheessa-nain-kaikki-toimii\/\",\"name\":\"Vaihto-oppilasvuosi is\u00e4nt\u00e4perheess\u00e4 - n\u00e4in kaikki toimii - UP Global\",\"isPartOf\":{\"@id\":\"https:\/\/upglobal.net\/fi\/#website\"},\"primaryImageOfPage\":{\"@id\":\"https:\/\/upglobal.net\/vaihto-oppilasvuosi-isantaperheessa-nain-kaikki-toimii\/#primaryimage\"},\"image\":{\"@id\":\"https:\/\/upglobal.net\/vaihto-oppilasvuosi-isantaperheessa-nain-kaikki-toimii\/#primaryimage\"},\"thumbnailUrl\":\"https:\/\/upglobal.net\/wp-content\/uploads\/2024\/11\/vaihtooppilaaksi_isantaperhe_usa_5-scaled.jpg\",\"datePublished\":\"2024-09-03T06:48:54+00:00\",\"dateModified\":\"2025-08-06T09:14:01+00:00\",\"description\":\"Koska hakemuspaketti on t\u00e4rke\u00e4 osa hakuprosessia, toimitamme sinulle hakemuksen yhteydess\u00e4 selke\u00e4t ohjeet sen tekoon ja tiimimme on apunasi koko hakuprosessin ajan. Osallistut yhdess\u00e4 muiden hakijoiden kanssa vaadittuun kielitasokokeeseen, joita j\u00e4rjest\u00e4mme toimistoillamme.\",\"breadcrumb\":{\"@id\":\"https:\/\/upglobal.net\/vaihto-oppilasvuosi-isantaperheessa-nain-kaikki-toimii\/#breadcrumb\"},\"inLanguage\":\"fi\",\"potentialAction\":[{\"@type\":\"ReadAction\",\"target\":[\"https:\/\/upglobal.net\/vaihto-oppilasvuosi-isantaperheessa-nain-kaikki-toimii\/\"]}]},{\"@type\":\"ImageObject\",\"inLanguage\":\"fi\",\"@id\":\"https:\/\/upglobal.net\/vaihto-oppilasvuosi-isantaperheessa-nain-kaikki-toimii\/#primaryimage\",\"url\":\"https:\/\/upglobal.net\/wp-content\/uploads\/2024\/11\/vaihtooppilaaksi_isantaperhe_usa_5-scaled.jpg\",\"contentUrl\":\"https:\/\/upglobal.net\/wp-content\/uploads\/2024\/11\/vaihtooppilaaksi_isantaperhe_usa_5-scaled.jpg\",\"width\":2560,\"height\":1920,\"caption\":\"vaihtooppilaaksi,vaihtooppilas,is\u00e4nt\u00e4perhe,kampus,usa,kanada\"},{\"@type\":\"BreadcrumbList\",\"@id\":\"https:\/\/upglobal.net\/vaihto-oppilasvuosi-isantaperheessa-nain-kaikki-toimii\/#breadcrumb\",\"itemListElement\":[{\"@type\":\"ListItem\",\"position\":1,\"name\":\"Home\",\"item\":\"https:\/\/upglobal.net\/fi\/\"},{\"@type\":\"ListItem\",\"position\":2,\"name\":\"Vaihto-oppilasvuosi is\u00e4nt\u00e4perheess\u00e4 &#8211; n\u00e4in kaikki toimii\"}]},{\"@type\":\"WebSite\",\"@id\":\"https:\/\/upglobal.net\/fi\/#website\",\"url\":\"https:\/\/upglobal.net\/fi\/\",\"name\":\"UP Global\",\"description\":\"\",\"publisher\":{\"@id\":\"https:\/\/upglobal.net\/fi\/#organization\"},\"potentialAction\":[{\"@type\":\"SearchAction\",\"target\":{\"@type\":\"EntryPoint\",\"urlTemplate\":\"https:\/\/upglobal.net\/fi\/?s={search_term_string}\"},\"query-input\":{\"@type\":\"PropertyValueSpecification\",\"valueRequired\":true,\"valueName\":\"search_term_string\"}}],\"inLanguage\":\"fi\"},{\"@type\":\"Organization\",\"@id\":\"https:\/\/upglobal.net\/fi\/#organization\",\"name\":\"UP Global\",\"url\":\"https:\/\/upglobal.net\/fi\/\",\"logo\":{\"@type\":\"ImageObject\",\"inLanguage\":\"fi\",\"@id\":\"https:\/\/upglobal.net\/fi\/#\/schema\/logo\/image\/\",\"url\":\"https:\/\/upglobal.net\/wp-content\/uploads\/2024\/03\/UP_logo_RGB_01_sinharmaa.svg\",\"contentUrl\":\"https:\/\/upglobal.net\/wp-content\/uploads\/2024\/03\/UP_logo_RGB_01_sinharmaa.svg\",\"caption\":\"UP Global\"},\"image\":{\"@id\":\"https:\/\/upglobal.net\/fi\/#\/schema\/logo\/image\/\"}}]}<\/script>\n<!-- \/ Yoast SEO plugin. -->","yoast_head_json":{"title":"Vaihto-oppilasvuosi is\u00e4nt\u00e4perheess\u00e4 - n\u00e4in kaikki toimii - UP Global","description":"Koska hakemuspaketti on t\u00e4rke\u00e4 osa hakuprosessia, toimitamme sinulle hakemuksen yhteydess\u00e4 selke\u00e4t ohjeet sen tekoon ja tiimimme on apunasi koko hakuprosessin ajan. Osallistut yhdess\u00e4 muiden hakijoiden kanssa vaadittuun kielitasokokeeseen, joita j\u00e4rjest\u00e4mme toimistoillamme.","robots":{"index":"index","follow":"follow","max-snippet":"max-snippet:-1","max-image-preview":"max-image-preview:large","max-video-preview":"max-video-preview:-1"},"canonical":"https:\/\/upglobal.net\/fi\/vaihto-oppilasvuosi-isantaperheessa-nain-kaikki-toimii\/","og_locale":"fi_FI","og_type":"article","og_title":"Vaihto-oppilasvuosi is\u00e4nt\u00e4perheess\u00e4 - n\u00e4in kaikki toimii - UP Global","og_description":"Koska hakemuspaketti on t\u00e4rke\u00e4 osa hakuprosessia, toimitamme sinulle hakemuksen yhteydess\u00e4 selke\u00e4t ohjeet sen tekoon ja tiimimme on apunasi koko hakuprosessin ajan. Osallistut yhdess\u00e4 muiden hakijoiden kanssa vaadittuun kielitasokokeeseen, joita j\u00e4rjest\u00e4mme toimistoillamme.","og_url":"https:\/\/upglobal.net\/fi\/vaihto-oppilasvuosi-isantaperheessa-nain-kaikki-toimii\/","og_site_name":"UP Global","article_modified_time":"2025-08-06T09:14:01+00:00","og_image":[{"width":2560,"height":1920,"url":"https:\/\/upglobal.net\/wp-content\/uploads\/2024\/11\/vaihtooppilaaksi_isantaperhe_usa_5-scaled.jpg","type":"image\/jpeg"}],"twitter_card":"summary_large_image","twitter_misc":{"Arvioitu lukuaika":"2 minuuttia"},"schema":{"@context":"https:\/\/schema.org","@graph":[{"@type":"WebPage","@id":"https:\/\/upglobal.net\/vaihto-oppilasvuosi-isantaperheessa-nain-kaikki-toimii\/","url":"https:\/\/upglobal.net\/vaihto-oppilasvuosi-isantaperheessa-nain-kaikki-toimii\/","name":"Vaihto-oppilasvuosi is\u00e4nt\u00e4perheess\u00e4 - n\u00e4in kaikki toimii - UP Global","isPartOf":{"@id":"https:\/\/upglobal.net\/fi\/#website"},"primaryImageOfPage":{"@id":"https:\/\/upglobal.net\/vaihto-oppilasvuosi-isantaperheessa-nain-kaikki-toimii\/#primaryimage"},"image":{"@id":"https:\/\/upglobal.net\/vaihto-oppilasvuosi-isantaperheessa-nain-kaikki-toimii\/#primaryimage"},"thumbnailUrl":"https:\/\/upglobal.net\/wp-content\/uploads\/2024\/11\/vaihtooppilaaksi_isantaperhe_usa_5-scaled.jpg","datePublished":"2024-09-03T06:48:54+00:00","dateModified":"2025-08-06T09:14:01+00:00","description":"Koska hakemuspaketti on t\u00e4rke\u00e4 osa hakuprosessia, toimitamme sinulle hakemuksen yhteydess\u00e4 selke\u00e4t ohjeet sen tekoon ja tiimimme on apunasi koko hakuprosessin ajan. Osallistut yhdess\u00e4 muiden hakijoiden kanssa vaadittuun kielitasokokeeseen, joita j\u00e4rjest\u00e4mme toimistoillamme.","breadcrumb":{"@id":"https:\/\/upglobal.net\/vaihto-oppilasvuosi-isantaperheessa-nain-kaikki-toimii\/#breadcrumb"},"inLanguage":"fi","potentialAction":[{"@type":"ReadAction","target":["https:\/\/upglobal.net\/vaihto-oppilasvuosi-isantaperheessa-nain-kaikki-toimii\/"]}]},{"@type":"ImageObject","inLanguage":"fi","@id":"https:\/\/upglobal.net\/vaihto-oppilasvuosi-isantaperheessa-nain-kaikki-toimii\/#primaryimage","url":"https:\/\/upglobal.net\/wp-content\/uploads\/2024\/11\/vaihtooppilaaksi_isantaperhe_usa_5-scaled.jpg","contentUrl":"https:\/\/upglobal.net\/wp-content\/uploads\/2024\/11\/vaihtooppilaaksi_isantaperhe_usa_5-scaled.jpg","width":2560,"height":1920,"caption":"vaihtooppilaaksi,vaihtooppilas,is\u00e4nt\u00e4perhe,kampus,usa,kanada"},{"@type":"BreadcrumbList","@id":"https:\/\/upglobal.net\/vaihto-oppilasvuosi-isantaperheessa-nain-kaikki-toimii\/#breadcrumb","itemListElement":[{"@type":"ListItem","position":1,"name":"Home","item":"https:\/\/upglobal.net\/fi\/"},{"@type":"ListItem","position":2,"name":"Vaihto-oppilasvuosi is\u00e4nt\u00e4perheess\u00e4 &#8211; n\u00e4in kaikki toimii"}]},{"@type":"WebSite","@id":"https:\/\/upglobal.net\/fi\/#website","url":"https:\/\/upglobal.net\/fi\/","name":"UP Global","description":"","publisher":{"@id":"https:\/\/upglobal.net\/fi\/#organization"},"potentialAction":[{"@type":"SearchAction","target":{"@type":"EntryPoint","urlTemplate":"https:\/\/upglobal.net\/fi\/?s={search_term_string}"},"query-input":{"@type":"PropertyValueSpecification","valueRequired":true,"valueName":"search_term_string"}}],"inLanguage":"fi"},{"@type":"Organization","@id":"https:\/\/upglobal.net\/fi\/#organization","name":"UP Global","url":"https:\/\/upglobal.net\/fi\/","logo":{"@type":"ImageObject","inLanguage":"fi","@id":"https:\/\/upglobal.net\/fi\/#\/schema\/logo\/image\/","url":"https:\/\/upglobal.net\/wp-content\/uploads\/2024\/03\/UP_logo_RGB_01_sinharmaa.svg","contentUrl":"https:\/\/upglobal.net\/wp-content\/uploads\/2024\/03\/UP_logo_RGB_01_sinharmaa.svg","caption":"UP Global"},"image":{"@id":"https:\/\/upglobal.net\/fi\/#\/schema\/logo\/image\/"}}]}},"_links":{"self":[{"href":"https:\/\/upglobal.net\/fi\/wp-json\/wp\/v2\/pages\/1690","targetHints":{"allow":["GET"]}}],"collection":[{"href":"https:\/\/upglobal.net\/fi\/wp-json\/wp\/v2\/pages"}],"about":[{"href":"https:\/\/upglobal.net\/fi\/wp-json\/wp\/v2\/types\/page"}],"author":[{"embeddable":true,"href":"https:\/\/upglobal.net\/fi\/wp-json\/wp\/v2\/users\/2"}],"replies":[{"embeddable":true,"href":"https:\/\/upglobal.net\/fi\/wp-json\/wp\/v2\/comments?post=1690"}],"version-history":[{"count":100,"href":"https:\/\/upglobal.net\/fi\/wp-json\/wp\/v2\/pages\/1690\/revisions"}],"predecessor-version":[{"id":13720,"href":"https:\/\/upglobal.net\/fi\/wp-json\/wp\/v2\/pages\/1690\/revisions\/13720"}],"wp:featuredmedia":[{"embeddable":true,"href":"https:\/\/upglobal.net\/fi\/wp-json\/wp\/v2\/media\/5280"}],"wp:attachment":[{"href":"https:\/\/upglobal.net\/fi\/wp-json\/wp\/v2\/media?parent=1690"}],"wp:term":[{"taxonomy":"category","embeddable":true,"href":"https:\/\/upglobal.net\/fi\/wp-json\/wp\/v2\/categories?post=1690"},{"taxonomy":"post_tag","embeddable":true,"href":"https:\/\/upglobal.net\/fi\/wp-json\/wp\/v2\/tags?post=1690"}],"curies":[{"name":"wp","href":"https:\/\/api.w.org\/{rel}","templated":true}]}}