{"id":10428,"date":"2025-03-12T05:26:08","date_gmt":"2025-03-12T03:26:08","guid":{"rendered":"https:\/\/upglobal.net\/?page_id=10428"},"modified":"2025-03-19T10:38:31","modified_gmt":"2025-03-19T08:38:31","slug":"evastekaytanto","status":"publish","type":"page","link":"https:\/\/upglobal.net\/fi\/evastekaytanto\/","title":{"rendered":"Ev\u00e4stek\u00e4yt\u00e4nt\u00f6"},"content":{"rendered":"\t\t<div data-elementor-type=\"wp-page\" data-elementor-id=\"10428\" class=\"elementor elementor-10428\" data-elementor-settings=\"{&quot;element_pack_global_tooltip_width&quot;:{&quot;unit&quot;:&quot;px&quot;,&quot;size&quot;:&quot;&quot;,&quot;sizes&quot;:[]},&quot;element_pack_global_tooltip_width_tablet&quot;:{&quot;unit&quot;:&quot;px&quot;,&quot;size&quot;:&quot;&quot;,&quot;sizes&quot;:[]},&quot;element_pack_global_tooltip_width_mobile&quot;:{&quot;unit&quot;:&quot;px&quot;,&quot;size&quot;:&quot;&quot;,&quot;sizes&quot;:[]},&quot;element_pack_global_tooltip_padding&quot;:{&quot;unit&quot;:&quot;px&quot;,&quot;top&quot;:&quot;&quot;,&quot;right&quot;:&quot;&quot;,&quot;bottom&quot;:&quot;&quot;,&quot;left&quot;:&quot;&quot;,&quot;isLinked&quot;:true},&quot;element_pack_global_tooltip_padding_tablet&quot;:{&quot;unit&quot;:&quot;px&quot;,&quot;top&quot;:&quot;&quot;,&quot;right&quot;:&quot;&quot;,&quot;bottom&quot;:&quot;&quot;,&quot;left&quot;:&quot;&quot;,&quot;isLinked&quot;:true},&quot;element_pack_global_tooltip_padding_mobile&quot;:{&quot;unit&quot;:&quot;px&quot;,&quot;top&quot;:&quot;&quot;,&quot;right&quot;:&quot;&quot;,&quot;bottom&quot;:&quot;&quot;,&quot;left&quot;:&quot;&quot;,&quot;isLinked&quot;:true},&quot;element_pack_global_tooltip_border_radius&quot;:{&quot;unit&quot;:&quot;px&quot;,&quot;top&quot;:&quot;&quot;,&quot;right&quot;:&quot;&quot;,&quot;bottom&quot;:&quot;&quot;,&quot;left&quot;:&quot;&quot;,&quot;isLinked&quot;:true},&quot;element_pack_global_tooltip_border_radius_tablet&quot;:{&quot;unit&quot;:&quot;px&quot;,&quot;top&quot;:&quot;&quot;,&quot;right&quot;:&quot;&quot;,&quot;bottom&quot;:&quot;&quot;,&quot;left&quot;:&quot;&quot;,&quot;isLinked&quot;:true},&quot;element_pack_global_tooltip_border_radius_mobile&quot;:{&quot;unit&quot;:&quot;px&quot;,&quot;top&quot;:&quot;&quot;,&quot;right&quot;:&quot;&quot;,&quot;bottom&quot;:&quot;&quot;,&quot;left&quot;:&quot;&quot;,&quot;isLinked&quot;:true}}\" data-elementor-post-type=\"page\">\n\t\t\t\t<div class=\"elementor-element elementor-element-23f854a9 e-con-full e-flex e-con e-parent\" data-id=\"23f854a9\" data-element_type=\"container\" data-settings=\"{&quot;background_background&quot;:&quot;classic&quot;}\">\n\t\t<div class=\"elementor-element elementor-element-7ac7e3d e-flex e-con-boxed e-con e-child\" data-id=\"7ac7e3d\" data-element_type=\"container\">\n\t\t\t\t\t<div class=\"e-con-inner\">\n\t\t\t\t<div class=\"elementor-element elementor-element-941b1d4 elementor-widget elementor-widget-text-editor\" data-id=\"941b1d4\" data-element_type=\"widget\" data-widget_type=\"text-editor.default\">\n\t\t\t\t<div class=\"elementor-widget-container\">\n\t\t\t\t\t\t\t\t\t<h2>Ev\u00e4ste\u00adk\u00e4yt\u00e4nt\u00f6<\/h2><h2><a href=\"https:\/\/upglobal.net\/miksi-up-global\/\">UP Global<\/a><\/h2><div class=\"double-column\"><p class=\"p1\"><span class=\"s1\"><b>Mik\u00e4 on ev\u00e4ste?<\/b><br \/><\/span><\/p><p class=\"p1\"><span class=\"s2\">Ev\u00e4ste (\u201ccookie\u201d) on pieni tekstitiedosto, jonka internetselain tallentaa k\u00e4ytt\u00e4j\u00e4n laitteelle. Ev\u00e4steet eiv\u00e4t vahingoita k\u00e4ytt\u00e4j\u00e4n laitetta tai tiedostoja. Ev\u00e4steiden k\u00e4ytt\u00e4minen on yleinen k\u00e4yt\u00e4nt\u00f6 useimmilla verkkosivustoilla.\u00a0<\/span><span class=\"s1\">Ev\u00e4steet jaetaan l\u00e4ht\u00f6kohtaisesti istuntokohtaisiin ja pysyviin ev\u00e4steisiin. Istuntokohtaiset ev\u00e4steet vanhenevat k\u00e4ytt\u00e4j\u00e4n lopettaessa web-palvelun k\u00e4yt\u00f6n, pysyv\u00e4t ev\u00e4steet s\u00e4ilyv\u00e4t selaimessa tietyn aikaa tai kunnes k\u00e4ytt\u00e4j\u00e4 poistaa ne.<br \/>Ev\u00e4steill\u00e4 on kaksi k\u00e4ytt\u00f6tarkoitusta. Toisaalta ne helpottavat verkkosivuston k\u00e4ytt\u00e4mist\u00e4, esimerkiksi muistamalla k\u00e4ytt\u00e4j\u00e4n tekem\u00e4t valinnat ja asetukset. Toisaalta ne auttavat verkkosivuston kehitt\u00e4misess\u00e4 ja k\u00e4ytt\u00f6tietojen analysoimisessa. Tietyt toiminnot eiv\u00e4t toimi ilman ev\u00e4steit\u00e4.<\/span><\/p><p><b>Miten k\u00e4yt\u00e4mme ev\u00e4steit\u00e4?<br \/><\/b><\/p><p class=\"p1\"><span class=\"s1\">K\u00e4yt\u00e4mme verkkosivustollamme ev\u00e4steit\u00e4 k\u00e4ytt\u00e4j\u00e4kokemuksen parantamiseen, tietojen\u00a0<\/span><span class=\"s2\">ker\u00e4\u00e4miseen\u00a0<\/span><span class=\"s1\">markkinointitarkoituksiin ja verkkosivustomme kehitt\u00e4miseen. Ev\u00e4steill\u00e4 optimoimme my\u00f6s verkkosivustomme nopeutta.<\/span><\/p><p><b>Verkkosivuston kehitt\u00e4minen<br \/><\/b><\/p><p class=\"p1\"><span class=\"s1\">Ker\u00e4\u00e4mme ev\u00e4steiden avulla sivuston k\u00e4vij\u00e4tilastoja ja analysoimme tietoja. Seuraamme muun muassa, mill\u00e4 sivuilla vieraillaan ja kuinka kauan k\u00e4vij\u00e4 viipyy eri sivuilla. Tavoitteenamme on kehitt\u00e4\u00e4 sivustomme laatua ja sis\u00e4lt\u00f6\u00e4.<br \/><\/span><\/p><p class=\"p1\"><span class=\"s2\"><b>Markkinointi<\/b><br \/><\/span><\/p><p class=\"p2\"><span class=\"s2\">Ev\u00e4steiden avulla voimme n\u00e4ytt\u00e4\u00e4 mainoksia ja tarjouksia, jotka perustuvat k\u00e4ytt\u00e4j\u00e4n toimintaan verkkosivustolla riippumatta siit\u00e4, onko h\u00e4n kirjautunut sis\u00e4\u00e4n vai ei. K\u00e4yt\u00e4mme ev\u00e4steit\u00e4 my\u00f6s kilpailulomakkeissa sek\u00e4 asiakastutkimuksissa.<\/span><\/p><h2 class=\"p3\"><span class=\"s2\">Mink\u00e4 tyyppisi\u00e4 ev\u00e4steit\u00e4 k\u00e4yt\u00e4mme?<\/span><\/h2><p class=\"p4\"><span class=\"s2\"><b>Istuntokohtaiset ev\u00e4steet<\/b><\/span><\/p><p class=\"p5\"><span class=\"s1\">Istuntokohtaiset ev\u00e4steet vanhenevat, kun k\u00e4ytt\u00e4j\u00e4 lopettaa istunnon web-palvelussa.<br \/><\/span><\/p><p class=\"p4\"><span class=\"s2\"><b>Pysyv\u00e4t ev\u00e4steet<\/b><\/span><\/p><p class=\"p1\"><span class=\"s1\">Pysyv\u00e4ll\u00e4 ev\u00e4steell\u00e4 on tietty s\u00e4ilytysaika eli voimassaoloaika, joka m\u00e4\u00e4ritt\u00e4\u00e4, kuinka kauan se s\u00e4ilyy tietokoneessa tai mobiililaitteessa. T\u00e4llaisia ev\u00e4steit\u00e4 s\u00e4ilytet\u00e4\u00e4n, kunnes niiden voimassaoloaika p\u00e4\u00e4ttyy tai kunnes ne poistetaan manuaalisesti.<\/span><\/p><p><b>Kolmannen osapuolen ev\u00e4steet<br \/><\/b><\/p><p class=\"p1\"><span class=\"s1\">Kolmannen osapuolen ev\u00e4steet ovat ev\u00e4steit\u00e4, joita joku toinen taho asentaa laitteeseen meid\u00e4n puolestamme. N\u00e4in tapahtuu silloin, kun jokin palvelutoimittaja tuottaa palveluita meille, kuten esimerkiksi analyysipalveluita tai palveluita, joiden ansiosta sivujamme voi jakaa sosiaalisessa mediassa. Jos esimerkiksi k\u00e4yt\u00e4t nappeja jakaessasi sis\u00e4lt\u00f6\u00e4 verkossa yst\u00e4viesi kanssa sosiaalisen median kuten Facebookin kautta, voi t\u00e4m\u00e4 kolmas osapuoli asettaa ev\u00e4steit\u00e4 koneellesi.<\/span><\/p><p>L\u00f6yd\u00e4t lis\u00e4tietoa t\u00e4\u00e4lt\u00e4:<br \/><a href=\"https:\/\/www.facebook.com\/about\/privacy\/\" target=\"_blank\" rel=\"noopener\"><span class=\"s2\">https:\/\/www.facebook.com\/about\/privacy\/<br \/><\/span><\/a><a href=\"https:\/\/x.com\/en\/privacy\" target=\"_blank\" rel=\"noopener\"><span class=\"s2\">https:\/\/x.com\/en\/privacy<\/span><\/a><span class=\"s3\"><br \/><a href=\"https:\/\/policies.google.com\/privacy?hl=fi\" target=\"_blank\" rel=\"noopener\"><span class=\"s4\">https:\/\/policies.google.com\/privacy?hl=fi<\/span><\/a><\/span><\/p><p class=\"p1\"><span class=\"s2\">My\u00f6s niin sanotut kolmannet osapuolet kuten mainostajat saattavat hy\u00f6dynt\u00e4\u00e4 ja ker\u00e4t\u00e4 ev\u00e4steiden avulla ker\u00e4ttyj\u00e4 tietoja kohdistaakseen mainontaa.<\/span><\/p><p class=\"p1\"><span class=\"s2\">K\u00e4yt\u00e4mme verkkopalvelussamme mm. Google Analyticsi\u00e4 mittaamaan verkkopalveluidemme k\u00e4ytt\u00f6\u00e4 (mukaan lukien IP-osoite, laitteen ID-tunnus, fyysinen sijainti, selain, operaattori ja k\u00e4ytt\u00f6j\u00e4rjestelm\u00e4tyyppi sek\u00e4 niihin liittyv\u00e4t URL-osoitteet).<br \/>Lis\u00e4tietoa\u00a0<a href=\"https:\/\/www.google.com\/intl\/fi\/policies\/privacy\/partners\/\" target=\"_blank\" rel=\"noopener\"><span class=\"s5\">Google Analyticsin ehdoista voi lukea t\u00e4\u00e4lt\u00e4<\/span><\/a>.<\/span><\/p><p class=\"p6\"><span class=\"s2\"><b>Miten toimia ev\u00e4steiden kanssa?<br \/><\/b><\/span><\/p><p class=\"p6\"><span class=\"s2\">K\u00e4ytt\u00e4j\u00e4 voi tyhjent\u00e4\u00e4 ev\u00e4steet selaimen asetuksista. K\u00e4ytt\u00e4j\u00e4ll\u00e4 on my\u00f6s mahdollisuus est\u00e4\u00e4 ev\u00e4steiden k\u00e4ytt\u00f6 kokonaan muuttamalla k\u00e4ytt\u00e4m\u00e4ns\u00e4 laitteen selaimen asetuksia. Ev\u00e4steiden est\u00e4minen saattaa vaikuttaa palvelun toiminnallisuuteen ja mainonnan kohdentamiseen. Mik\u00e4li k\u00e4ytt\u00e4j\u00e4 est\u00e4\u00e4 ev\u00e4steet, h\u00e4n ei v\u00e4ltt\u00e4m\u00e4tt\u00e4 voi t\u00e4ysin hy\u00f6dynt\u00e4\u00e4 verkkopalvelua. Useimmat selaimet mahdollistavat ev\u00e4stetoiminnon poiskytkemisen.<\/span><\/p><p class=\"p6\"><span class=\"s2\">Lis\u00e4tietoja ev\u00e4steiden poistamisesta:<\/span><\/p><p class=\"p7\"><span class=\"s2\"><a href=\"https:\/\/support.google.com\/chrome\/answer\/95647?hl=fi\" target=\"_blank\" rel=\"noopener\">Chrome<\/a><\/span><\/p><p class=\"p7\"><span class=\"s2\"><a href=\"https:\/\/support.mozilla.org\/fi\/kb\/poista-evasteet-poistaaksesi-verkkosivujen-tietoja\" target=\"_blank\" rel=\"noopener\">Firefox<\/a><\/span><\/p><p><a href=\"https:\/\/support.microsoft.com\/fi-fi\/microsoft-edge\/ev%C3%A4steiden-tarkasteleminen-microsoft-edgess%C3%A4-a7d95376-f2cd-8e4a-25dc-1de753474879\" target=\"_blank\" rel=\"noopener\">Microsoft Edge<\/a><\/p><p class=\"p7\"><span class=\"s2\"><a href=\"https:\/\/support.apple.com\/kb\/PH5042?locale=en_US\" target=\"_blank\" rel=\"noopener\">Safari<\/a><\/span><\/p><\/div>\t\t\t\t\t\t\t\t<\/div>\n\t\t\t\t<\/div>\n\t\t\t\t\t<\/div>\n\t\t\t\t<\/div>\n\t\t\t\t<\/div>\n\t\t\t\t<\/div>\n\t\t","protected":false},"excerpt":{"rendered":"<p>Ev\u00e4ste\u00adk\u00e4yt\u00e4nt\u00f6 UP Global Mik\u00e4 on ev\u00e4ste? Ev\u00e4ste (\u201ccookie\u201d) on pieni tekstitiedosto, jonka internetselain tallentaa k\u00e4ytt\u00e4j\u00e4n laitteelle. Ev\u00e4steet eiv\u00e4t vahingoita k\u00e4ytt\u00e4j\u00e4n laitetta tai tiedostoja. Ev\u00e4steiden k\u00e4ytt\u00e4minen on yleinen k\u00e4yt\u00e4nt\u00f6 useimmilla verkkosivustoilla.\u00a0Ev\u00e4steet jaetaan l\u00e4ht\u00f6kohtaisesti istuntokohtaisiin ja pysyviin ev\u00e4steisiin. Istuntokohtaiset ev\u00e4steet vanhenevat k\u00e4ytt\u00e4j\u00e4n lopettaessa web-palvelun k\u00e4yt\u00f6n, pysyv\u00e4t ev\u00e4steet s\u00e4ilyv\u00e4t selaimessa tietyn aikaa tai kunnes k\u00e4ytt\u00e4j\u00e4 poistaa ne.Ev\u00e4steill\u00e4 on [&hellip;]<\/p>\n","protected":false},"author":1,"featured_media":0,"parent":0,"menu_order":0,"comment_status":"closed","ping_status":"closed","template":"","meta":{"footnotes":""},"categories":[],"tags":[],"class_list":["post-10428","page","type-page","status-publish","hentry"],"yoast_head":"<!-- This site is optimized with the Yoast SEO plugin v26.8 - https:\/\/yoast.com\/product\/yoast-seo-wordpress\/ -->\n<title>Ev\u00e4stek\u00e4yt\u00e4nt\u00f6 - UP Global<\/title>\n<meta name=\"description\" content=\"UP Global ev\u00e4stek\u00e4yt\u00e4nt\u00f6. K\u00e4yt\u00e4mme verkkosivustollamme ev\u00e4steit\u00e4 k\u00e4ytt\u00e4j\u00e4kokemuksen parantamiseen ja sivuston optimointiin.\" \/>\n<meta name=\"robots\" content=\"index, follow, max-snippet:-1, max-image-preview:large, max-video-preview:-1\" \/>\n<link rel=\"canonical\" href=\"https:\/\/upglobal.net\/fi\/evastekaytanto\/\" \/>\n<meta property=\"og:locale\" content=\"fi_FI\" \/>\n<meta property=\"og:type\" content=\"article\" \/>\n<meta property=\"og:title\" content=\"Ev\u00e4stek\u00e4yt\u00e4nt\u00f6 - UP Global\" \/>\n<meta property=\"og:description\" content=\"UP Global ev\u00e4stek\u00e4yt\u00e4nt\u00f6. K\u00e4yt\u00e4mme verkkosivustollamme ev\u00e4steit\u00e4 k\u00e4ytt\u00e4j\u00e4kokemuksen parantamiseen ja sivuston optimointiin.\" \/>\n<meta property=\"og:url\" content=\"https:\/\/upglobal.net\/fi\/evastekaytanto\/\" \/>\n<meta property=\"og:site_name\" content=\"UP Global\" \/>\n<meta property=\"article:modified_time\" content=\"2025-03-19T08:38:31+00:00\" \/>\n<meta name=\"twitter:card\" content=\"summary_large_image\" \/>\n<meta name=\"twitter:label1\" content=\"Arvioitu lukuaika\" \/>\n\t<meta name=\"twitter:data1\" content=\"3 minuuttia\" \/>\n<script type=\"application\/ld+json\" class=\"yoast-schema-graph\">{\"@context\":\"https:\/\/schema.org\",\"@graph\":[{\"@type\":\"WebPage\",\"@id\":\"https:\/\/upglobal.net\/evastekaytanto\/\",\"url\":\"https:\/\/upglobal.net\/evastekaytanto\/\",\"name\":\"Ev\u00e4stek\u00e4yt\u00e4nt\u00f6 - UP Global\",\"isPartOf\":{\"@id\":\"https:\/\/upglobal.net\/fi\/#website\"},\"datePublished\":\"2025-03-12T03:26:08+00:00\",\"dateModified\":\"2025-03-19T08:38:31+00:00\",\"description\":\"UP Global ev\u00e4stek\u00e4yt\u00e4nt\u00f6. K\u00e4yt\u00e4mme verkkosivustollamme ev\u00e4steit\u00e4 k\u00e4ytt\u00e4j\u00e4kokemuksen parantamiseen ja sivuston optimointiin.\",\"breadcrumb\":{\"@id\":\"https:\/\/upglobal.net\/evastekaytanto\/#breadcrumb\"},\"inLanguage\":\"fi\",\"potentialAction\":[{\"@type\":\"ReadAction\",\"target\":[\"https:\/\/upglobal.net\/evastekaytanto\/\"]}]},{\"@type\":\"BreadcrumbList\",\"@id\":\"https:\/\/upglobal.net\/evastekaytanto\/#breadcrumb\",\"itemListElement\":[{\"@type\":\"ListItem\",\"position\":1,\"name\":\"Home\",\"item\":\"https:\/\/upglobal.net\/fi\/\"},{\"@type\":\"ListItem\",\"position\":2,\"name\":\"Ev\u00e4stek\u00e4yt\u00e4nt\u00f6\"}]},{\"@type\":\"WebSite\",\"@id\":\"https:\/\/upglobal.net\/fi\/#website\",\"url\":\"https:\/\/upglobal.net\/fi\/\",\"name\":\"UP Global\",\"description\":\"\",\"publisher\":{\"@id\":\"https:\/\/upglobal.net\/fi\/#organization\"},\"potentialAction\":[{\"@type\":\"SearchAction\",\"target\":{\"@type\":\"EntryPoint\",\"urlTemplate\":\"https:\/\/upglobal.net\/fi\/?s={search_term_string}\"},\"query-input\":{\"@type\":\"PropertyValueSpecification\",\"valueRequired\":true,\"valueName\":\"search_term_string\"}}],\"inLanguage\":\"fi\"},{\"@type\":\"Organization\",\"@id\":\"https:\/\/upglobal.net\/fi\/#organization\",\"name\":\"UP Global\",\"url\":\"https:\/\/upglobal.net\/fi\/\",\"logo\":{\"@type\":\"ImageObject\",\"inLanguage\":\"fi\",\"@id\":\"https:\/\/upglobal.net\/fi\/#\/schema\/logo\/image\/\",\"url\":\"https:\/\/upglobal.net\/wp-content\/uploads\/2024\/03\/UP_logo_RGB_01_sinharmaa.svg\",\"contentUrl\":\"https:\/\/upglobal.net\/wp-content\/uploads\/2024\/03\/UP_logo_RGB_01_sinharmaa.svg\",\"caption\":\"UP Global\"},\"image\":{\"@id\":\"https:\/\/upglobal.net\/fi\/#\/schema\/logo\/image\/\"}}]}<\/script>\n<!-- \/ Yoast SEO plugin. -->","yoast_head_json":{"title":"Ev\u00e4stek\u00e4yt\u00e4nt\u00f6 - UP Global","description":"UP Global ev\u00e4stek\u00e4yt\u00e4nt\u00f6. K\u00e4yt\u00e4mme verkkosivustollamme ev\u00e4steit\u00e4 k\u00e4ytt\u00e4j\u00e4kokemuksen parantamiseen ja sivuston optimointiin.","robots":{"index":"index","follow":"follow","max-snippet":"max-snippet:-1","max-image-preview":"max-image-preview:large","max-video-preview":"max-video-preview:-1"},"canonical":"https:\/\/upglobal.net\/fi\/evastekaytanto\/","og_locale":"fi_FI","og_type":"article","og_title":"Ev\u00e4stek\u00e4yt\u00e4nt\u00f6 - UP Global","og_description":"UP Global ev\u00e4stek\u00e4yt\u00e4nt\u00f6. K\u00e4yt\u00e4mme verkkosivustollamme ev\u00e4steit\u00e4 k\u00e4ytt\u00e4j\u00e4kokemuksen parantamiseen ja sivuston optimointiin.","og_url":"https:\/\/upglobal.net\/fi\/evastekaytanto\/","og_site_name":"UP Global","article_modified_time":"2025-03-19T08:38:31+00:00","twitter_card":"summary_large_image","twitter_misc":{"Arvioitu lukuaika":"3 minuuttia"},"schema":{"@context":"https:\/\/schema.org","@graph":[{"@type":"WebPage","@id":"https:\/\/upglobal.net\/evastekaytanto\/","url":"https:\/\/upglobal.net\/evastekaytanto\/","name":"Ev\u00e4stek\u00e4yt\u00e4nt\u00f6 - UP Global","isPartOf":{"@id":"https:\/\/upglobal.net\/fi\/#website"},"datePublished":"2025-03-12T03:26:08+00:00","dateModified":"2025-03-19T08:38:31+00:00","description":"UP Global ev\u00e4stek\u00e4yt\u00e4nt\u00f6. K\u00e4yt\u00e4mme verkkosivustollamme ev\u00e4steit\u00e4 k\u00e4ytt\u00e4j\u00e4kokemuksen parantamiseen ja sivuston optimointiin.","breadcrumb":{"@id":"https:\/\/upglobal.net\/evastekaytanto\/#breadcrumb"},"inLanguage":"fi","potentialAction":[{"@type":"ReadAction","target":["https:\/\/upglobal.net\/evastekaytanto\/"]}]},{"@type":"BreadcrumbList","@id":"https:\/\/upglobal.net\/evastekaytanto\/#breadcrumb","itemListElement":[{"@type":"ListItem","position":1,"name":"Home","item":"https:\/\/upglobal.net\/fi\/"},{"@type":"ListItem","position":2,"name":"Ev\u00e4stek\u00e4yt\u00e4nt\u00f6"}]},{"@type":"WebSite","@id":"https:\/\/upglobal.net\/fi\/#website","url":"https:\/\/upglobal.net\/fi\/","name":"UP Global","description":"","publisher":{"@id":"https:\/\/upglobal.net\/fi\/#organization"},"potentialAction":[{"@type":"SearchAction","target":{"@type":"EntryPoint","urlTemplate":"https:\/\/upglobal.net\/fi\/?s={search_term_string}"},"query-input":{"@type":"PropertyValueSpecification","valueRequired":true,"valueName":"search_term_string"}}],"inLanguage":"fi"},{"@type":"Organization","@id":"https:\/\/upglobal.net\/fi\/#organization","name":"UP Global","url":"https:\/\/upglobal.net\/fi\/","logo":{"@type":"ImageObject","inLanguage":"fi","@id":"https:\/\/upglobal.net\/fi\/#\/schema\/logo\/image\/","url":"https:\/\/upglobal.net\/wp-content\/uploads\/2024\/03\/UP_logo_RGB_01_sinharmaa.svg","contentUrl":"https:\/\/upglobal.net\/wp-content\/uploads\/2024\/03\/UP_logo_RGB_01_sinharmaa.svg","caption":"UP Global"},"image":{"@id":"https:\/\/upglobal.net\/fi\/#\/schema\/logo\/image\/"}}]}},"_links":{"self":[{"href":"https:\/\/upglobal.net\/fi\/wp-json\/wp\/v2\/pages\/10428","targetHints":{"allow":["GET"]}}],"collection":[{"href":"https:\/\/upglobal.net\/fi\/wp-json\/wp\/v2\/pages"}],"about":[{"href":"https:\/\/upglobal.net\/fi\/wp-json\/wp\/v2\/types\/page"}],"author":[{"embeddable":true,"href":"https:\/\/upglobal.net\/fi\/wp-json\/wp\/v2\/users\/1"}],"replies":[{"embeddable":true,"href":"https:\/\/upglobal.net\/fi\/wp-json\/wp\/v2\/comments?post=10428"}],"version-history":[{"count":13,"href":"https:\/\/upglobal.net\/fi\/wp-json\/wp\/v2\/pages\/10428\/revisions"}],"predecessor-version":[{"id":11493,"href":"https:\/\/upglobal.net\/fi\/wp-json\/wp\/v2\/pages\/10428\/revisions\/11493"}],"wp:attachment":[{"href":"https:\/\/upglobal.net\/fi\/wp-json\/wp\/v2\/media?parent=10428"}],"wp:term":[{"taxonomy":"category","embeddable":true,"href":"https:\/\/upglobal.net\/fi\/wp-json\/wp\/v2\/categories?post=10428"},{"taxonomy":"post_tag","embeddable":true,"href":"https:\/\/upglobal.net\/fi\/wp-json\/wp\/v2\/tags?post=10428"}],"curies":[{"name":"wp","href":"https:\/\/api.w.org\/{rel}","templated":true}]}}