{"id":10417,"date":"2025-03-12T05:17:20","date_gmt":"2025-03-12T03:17:20","guid":{"rendered":"https:\/\/upglobal.net\/?page_id=10417"},"modified":"2025-03-30T11:26:23","modified_gmt":"2025-03-30T08:26:23","slug":"tietosuojalauseke","status":"publish","type":"page","link":"https:\/\/upglobal.net\/fi\/tietosuojalauseke\/","title":{"rendered":"Tietosuojalauseke"},"content":{"rendered":"\t\t<div data-elementor-type=\"wp-page\" data-elementor-id=\"10417\" class=\"elementor elementor-10417\" data-elementor-settings=\"{&quot;element_pack_global_tooltip_width&quot;:{&quot;unit&quot;:&quot;px&quot;,&quot;size&quot;:&quot;&quot;,&quot;sizes&quot;:[]},&quot;element_pack_global_tooltip_width_tablet&quot;:{&quot;unit&quot;:&quot;px&quot;,&quot;size&quot;:&quot;&quot;,&quot;sizes&quot;:[]},&quot;element_pack_global_tooltip_width_mobile&quot;:{&quot;unit&quot;:&quot;px&quot;,&quot;size&quot;:&quot;&quot;,&quot;sizes&quot;:[]},&quot;element_pack_global_tooltip_padding&quot;:{&quot;unit&quot;:&quot;px&quot;,&quot;top&quot;:&quot;&quot;,&quot;right&quot;:&quot;&quot;,&quot;bottom&quot;:&quot;&quot;,&quot;left&quot;:&quot;&quot;,&quot;isLinked&quot;:true},&quot;element_pack_global_tooltip_padding_tablet&quot;:{&quot;unit&quot;:&quot;px&quot;,&quot;top&quot;:&quot;&quot;,&quot;right&quot;:&quot;&quot;,&quot;bottom&quot;:&quot;&quot;,&quot;left&quot;:&quot;&quot;,&quot;isLinked&quot;:true},&quot;element_pack_global_tooltip_padding_mobile&quot;:{&quot;unit&quot;:&quot;px&quot;,&quot;top&quot;:&quot;&quot;,&quot;right&quot;:&quot;&quot;,&quot;bottom&quot;:&quot;&quot;,&quot;left&quot;:&quot;&quot;,&quot;isLinked&quot;:true},&quot;element_pack_global_tooltip_border_radius&quot;:{&quot;unit&quot;:&quot;px&quot;,&quot;top&quot;:&quot;&quot;,&quot;right&quot;:&quot;&quot;,&quot;bottom&quot;:&quot;&quot;,&quot;left&quot;:&quot;&quot;,&quot;isLinked&quot;:true},&quot;element_pack_global_tooltip_border_radius_tablet&quot;:{&quot;unit&quot;:&quot;px&quot;,&quot;top&quot;:&quot;&quot;,&quot;right&quot;:&quot;&quot;,&quot;bottom&quot;:&quot;&quot;,&quot;left&quot;:&quot;&quot;,&quot;isLinked&quot;:true},&quot;element_pack_global_tooltip_border_radius_mobile&quot;:{&quot;unit&quot;:&quot;px&quot;,&quot;top&quot;:&quot;&quot;,&quot;right&quot;:&quot;&quot;,&quot;bottom&quot;:&quot;&quot;,&quot;left&quot;:&quot;&quot;,&quot;isLinked&quot;:true}}\" data-elementor-post-type=\"page\">\n\t\t\t\t<div class=\"elementor-element elementor-element-7492d3df e-con-full e-flex e-con e-parent\" data-id=\"7492d3df\" data-element_type=\"container\" data-settings=\"{&quot;background_background&quot;:&quot;classic&quot;}\">\n\t\t<div class=\"elementor-element elementor-element-6c06ed00 e-flex e-con-boxed e-con e-child\" data-id=\"6c06ed00\" data-element_type=\"container\">\n\t\t\t\t\t<div class=\"e-con-inner\">\n\t\t\t\t<div class=\"elementor-element elementor-element-aef7ddb elementor-widget elementor-widget-text-editor\" data-id=\"aef7ddb\" data-element_type=\"widget\" data-widget_type=\"text-editor.default\">\n\t\t\t\t<div class=\"elementor-widget-container\">\n\t\t\t\t\t\t\t\t\t<h2>Tietosuojalauseke<\/h2><div class=\"double-column\"><p class=\"p4\"><span class=\"s1\">K\u00e4sittelemme henkil\u00f6tietoja luottamuksellisesti ja EU:n uuden tietosuoja-asetuksen mukaisesti.<\/span><\/p><p class=\"p4\"><span class=\"s1\">T\u00e4ss\u00e4 tietosuojalausekkeessa kerrotaan, millaisia tietoja verkkopalvelun k\u00e4ytt\u00e4j\u00e4st\u00e4 ker\u00e4t\u00e4\u00e4n, mihin niit\u00e4 k\u00e4ytet\u00e4\u00e4n ja mit\u00e4 vaikutusmahdollisuuksia k\u00e4ytt\u00e4j\u00e4ll\u00e4 on.<\/span><\/p><h2 class=\"p3\"><span class=\"s1\">1. Mit\u00e4 henkil\u00f6kohtaisia tietoja ker\u00e4\u00e4mme?<\/span><\/h2><p class=\"p3\"><strong><span class=\"s1\">1.1. K\u00e4ytt\u00e4j\u00e4n itse antamat tiedot, esimerkiksi<\/span><\/strong><\/p><ul class=\"ul1\"><li class=\"li3\"><span class=\"s2\">nimi, s\u00e4hk\u00f6postiosoite, osoitetiedot, puhelinnumero<\/span><\/li><li class=\"li3\"><span class=\"s2\">kiinnostus- ja harrastustiedot<\/span><\/li><li>hakijan koulutustiedot kuten koulun nimi, arvosanat ym.<\/li><li class=\"li3\"><span class=\"s1\">demografiatiedot, kuten ik\u00e4, sukupuoli, arvo tai ammatti ja \u00e4idinkieli<\/span><\/li><li>huoltajan\/huoltajien yhteystiedot sek\u00e4 demografiatiedot<\/li><li class=\"li3\"><span class=\"s2\">digitaalisen tilin edellytt\u00e4m\u00e4t rekister\u00f6itymistiedot, kuten k\u00e4ytt\u00e4j\u00e4tunnus, nimimerkki, salasana<\/span><\/li><li class=\"li3\"><span class=\"s2\">suostumus s\u00e4hk\u00f6posti-, tekstiviesti- ja muilla automaattisilla j\u00e4rjestelmill\u00e4 l\u00e4hetett\u00e4v\u00e4\u00e4n suoramarkkinointiin, esim. uutiskirjeen tilaamiseen<\/span><\/li><li class=\"li3\"><span class=\"s1\">asiakaspalautteet ja yhteydenotot<\/span><\/li><li class=\"li3\"><span class=\"s1\">arvonta- ja kilpailuvastaustiedot<\/span><\/li><li class=\"li3\"><span class=\"s1\">kyselyihin ja tutkimuksiin annetut tiedot<\/span><\/li><li class=\"li3\"><span class=\"s1\">tuote- ja tilaustiedot<\/span><\/li><li class=\"li3\"><span class=\"s1\">muut k\u00e4ytt\u00e4j\u00e4n suostumuksella ker\u00e4tyt tiedot<\/span><\/li><\/ul><p class=\"p3\"><strong><span class=\"s1\">1.2. Verkkopalveluiden k\u00e4yt\u00f6st\u00e4 saadut tiedot<\/span><\/strong><\/p><ul class=\"ul1\"><li class=\"li3\"><span class=\"s2\">verkkopalvelun selausti<\/span><span class=\"s1\">edot<\/span><\/li><li class=\"li3\"><span class=\"s2\">verkkopalvelun k\u00e4ytt\u00f6tie<\/span><span class=\"s1\">dot<\/span><span class=\"s2\">\u00a0(esimerkiksi k\u00e4ytt\u00e4j\u00e4n tulotapa palveluun, selain- ja laitetieto, ev\u00e4stetunniste, palvelussa vietetty aika, maantieteellinen sijainti)<\/span><\/li><li class=\"li3\"><span class=\"s1\">mainokset, jotka on n\u00e4ytetty sek\u00e4 tiedot mainosten klikkaamisesta<\/span><\/li><\/ul><h2>\u00a0<\/h2><h2 class=\"p4\"><span class=\"s1\">2. Mihin tarkoitukseen henkil\u00f6tietojani ker\u00e4t\u00e4\u00e4n?<br \/><\/span><\/h2><p class=\"p4\"><span class=\"s1\">K\u00e4sittelemme henkil\u00f6tietoja vain ennalta m\u00e4\u00e4riteltyjen k\u00e4ytt\u00f6tarkoitusten mukaisesti:<\/span><\/p><p class=\"p6\"><span class=\"s1\">Ker\u00e4\u00e4mme k\u00e4ytt\u00e4jien suostumuksella heid\u00e4n s\u00e4hk\u00f6postiosoitteensa, jotta voimme l\u00e4hett\u00e4\u00e4 heille uutisia ja tietoa palveluistamme ja tuotteistamme.<\/span><\/p><p class=\"p6\"><span class=\"s1\">Ker\u00e4\u00e4mme tietoa verkkosivustomme k\u00e4ytt\u00f6tavoista, jotta voimme parantaa ja kehitt\u00e4\u00e4 palveluamme.<\/span><\/p><p class=\"p7\"><span class=\"s1\">Jos k\u00e4ytt\u00e4j\u00e4 on liittynyt postituslistallemme tai muuten antanut suostumuksensa suoramarkkinointiin, voimme l\u00e4hett\u00e4\u00e4 h\u00e4nelle s\u00e4hk\u00f6ist\u00e4 suoramarkkinointia.<\/span><\/p><p class=\"p6\"><span class=\"s1\">Ker\u00e4\u00e4mme tietoa verkkosivuston k\u00e4vij\u00f6ist\u00e4, jotta voimme kohdentaa heille mainontaa heit\u00e4 mahdollisesti kiinnostavista tuotteista, palveluista sek\u00e4 tarjouksista eri viestint\u00e4kanavia hy\u00f6dynt\u00e4en.<\/span><\/p><p class=\"p6\"><span class=\"s1\">Ker\u00e4\u00e4mme tietoa verkkosivuston k\u00e4vij\u00f6ist\u00e4, jotta voimme parantaa asiakaspalveluamme.<\/span><\/p><p class=\"p6\"><span class=\"s1\">Ker\u00e4\u00e4mme tietoa k\u00e4ytt\u00e4jien suostumuksella, jotta voimme tarjota tai v\u00e4litt\u00e4\u00e4 heille<\/span><span class=\"s1\">\u00a0palveluita.<\/span><\/p><h2 class=\"p7\"><span class=\"s1\">3. Kolmannet osapuolet<\/span><\/h2><p class=\"p7\"><span class=\"s1\">K\u00e4yt\u00e4mme muutamien kolmansien osapuolien palveluita. Osapuolet on aina tarkasti valittu, jotta voimme olla varmoja, ett\u00e4 my\u00f6s he noudattavat EU:n tietosuojalakia.\u00a0<\/span><\/p><p class=\"p7\"><span class=\"s1\">Palvelu voi sis\u00e4lt\u00e4\u00e4 my\u00f6s mittaus- ja seurantapalveluiden, mainosverkostojen tai muiden kolmansien osapuolten ev\u00e4steit\u00e4.\u00a0<\/span><\/p><p><strong>3.1. Palvelinalusta<\/strong><\/p><p class=\"p7\"><span class=\"s1\">T\u00e4m\u00e4 verkkosivusto on hostattu EU:n alueella sijaitsevalla palvelimella. Palvelimen yll\u00e4pidosta vastaa Purple Snow IT Oy. Yll\u00e4pit\u00e4j\u00e4 on sitoutunut noudattamaan EU:n tietosuojalakia. Sivustoa suojataan muun muassa seuraavilla tavoilla: ymp\u00e4rivuorokautinen valvonta, HTTPS-suojaus, s\u00e4\u00e4nn\u00f6lliset p\u00e4ivitykset, ker\u00e4tyn tiedon s\u00e4ilytt\u00e4minen tietokannoissa, jotka on suojattu muun muassa palomuurein, salaustekniikoin sek\u00e4 rajoitetun kulunvalvonnan ja k\u00e4ytt\u00f6oikeuksien avulla.<br \/><\/span><\/p><p><strong>3.2. Google Analytics<\/strong><\/p><p class=\"p7\"><span class=\"s1\">K\u00e4yt\u00e4mme Google Analyticsi\u00e4 mittaamaan verkkopalveluidemme k\u00e4ytt\u00f6\u00e4. Google Analytics voi asettaa ev\u00e4steit\u00e4 k\u00e4ytt\u00e4j\u00e4n laitteelle ker\u00e4t\u00e4kseen tietoa esimerkiksi sivuston k\u00e4vij\u00e4m\u00e4\u00e4r\u00e4st\u00e4. Tietoja voidaan k\u00e4ytt\u00e4\u00e4 my\u00f6s siihen, ett\u00e4 k\u00e4vij\u00e4lle n\u00e4ytet\u00e4\u00e4n h\u00e4nt\u00e4 todenn\u00e4k\u00f6isesti kiinnostavaa mainontaa. Ev\u00e4ste (\u201ccookie\u201d) on pieni tekstitiedosto, jonka selain tallentaa k\u00e4ytt\u00e4j\u00e4n p\u00e4\u00e4telaitteelle. Ev\u00e4steet sis\u00e4lt\u00e4v\u00e4t usein nimett\u00f6m\u00e4n, yksil\u00f6llisen tunnisteen, jonka avulla voidaan tunnistaa ja laskea sivustollamme vierailevat selaimet.<br \/>Lis\u00e4tietoa\u00a0<a href=\"https:\/\/www.google.com\/intl\/fi\/policies\/privacy\/partners\/\" target=\"_blank\" rel=\"noopener\"><span class=\"s4\">Google Analyticsin ehdoista voi lukea t\u00e4\u00e4lt\u00e4.<\/span><\/a><\/span><\/p><p class=\"p6\"><span class=\"s2\"><strong>3.3. Yhteis\u00f6liit\u00e4nn\u00e4iset<\/strong><br \/><\/span><\/p><p class=\"p6\"><span class=\"s2\">Verkkopalvelussamme on k\u00e4yt\u00f6ss\u00e4 yhteis\u00f6liit\u00e4nn\u00e4isi\u00e4 kuten Facebookin, Twitterin tai Instagramin Tykk\u00e4\u00e4 tai Jaa-painikkeita. T\u00e4llaiset yhteis\u00f6liit\u00e4nn\u00e4ispainikkeet n\u00e4kyv\u00e4t palvelussamme, mutta niiden sis\u00e4lt\u00f6 tulee suoraan painikkeen l\u00e4hteest\u00e4. Yhteis\u00f6liit\u00e4nn\u00e4inen tunnistaa, ett\u00e4 k\u00e4ytt\u00e4j\u00e4 on kirjautuneena kyseiseen palveluun, jolloin sivu n\u00e4ytt\u00e4\u00e4 r\u00e4\u00e4t\u00e4l\u00f6idyn sis\u00e4ll\u00f6n liit\u00e4nn\u00e4isess\u00e4. Yhteis\u00f6liit\u00e4nn\u00e4iset eiv\u00e4t n\u00e4yt\u00e4 r\u00e4\u00e4t\u00e4l\u00f6ity\u00e4 sis\u00e4lt\u00f6\u00e4, jos k\u00e4ytt\u00e4j\u00e4 ei ole kirjautunut kyseiseen palveluun. Yhteis\u00f6liit\u00e4nn\u00e4isten palvelut voivat ker\u00e4t\u00e4 tietoa k\u00e4vij\u00e4n vierailusta voimassaolevien yksityisyydensuojaehtojensa mukaisesti. Kyseiset palvelut eiv\u00e4t luovuta ker\u00e4\u00e4mi\u00e4\u00e4n tietoja\u00a0<\/span><span class=\"s3\">UP Globalille<\/span><span class=\"s2\">, ellei k\u00e4ytt\u00e4j\u00e4 ole antanut t\u00e4h\u00e4n erikseen suostumustaan.<\/span><\/p><h2 class=\"p6\"><span class=\"s1\"><b><\/b>4.\u00a0<\/span><span class=\"s2\">Kuinka kauan tietojani s\u00e4ilytet\u00e4\u00e4n?<\/span><\/h2><p class=\"p7\"><span class=\"s1\">Ker\u00e4ttyj\u00e4 tietoja s\u00e4ilytet\u00e4\u00e4n vain sen ajan, kun on tarpeen.<\/span><\/p><h2 class=\"p7\"><span class=\"s1\">5. Miten henkil\u00f6tietoni suojataan?<\/span><\/h2><p class=\"p11\"><span class=\"s1\">K\u00e4yt\u00e4mme tarpeellisia teknisi\u00e4 tietoturvakeinoja henkil\u00f6tietojen suojaamiseksi. T\u00e4llaisia keinoja ovat muun muassa palomuurien, salaustekniikoiden ja turvallisten laitetilojen k\u00e4ytt\u00f6, asianmukainen kulunvalvonta, hallittu k\u00e4ytt\u00f6oikeuksien my\u00f6nt\u00e4minen ja niiden k\u00e4yt\u00f6n valvonta, salaustekniikoiden k\u00e4ytt\u00f6 ja henkil\u00f6tietojen k\u00e4sittelyyn osallistuvan henkil\u00f6st\u00f6n ohjeistaminen. Huolehdimme my\u00f6s, ett\u00e4 kaikki alihankkijamme noudattavat EU:n m\u00e4\u00e4rittelem\u00e4\u00e4 tietosuojalakia.<\/span><\/p><h2 class=\"p12\"><span class=\"s1\">6. Linkit muihin verkkosivuihin<b><br \/><\/b><\/span><\/h2><p class=\"p12\"><span class=\"s1\">Emme vastaa verkkosivustoomme linkitettyjen, ulkopuolisten tahojen yll\u00e4pit\u00e4mien sis\u00e4lt\u00f6jen yksityisyydensuojak\u00e4yt\u00e4nn\u00f6ist\u00e4 tai sis\u00e4ll\u00f6ist\u00e4, emmek\u00e4 niiden laillisuudesta ja hallinnosta. Jos huomaat, ett\u00e4 linkitt\u00e4mill\u00e4mme verkkosivuilla on laitonta tai loukkaavaa sis\u00e4lt\u00f6\u00e4, olemme kiitollisia palautteestasi.<\/span><\/p><h2 class=\"p13\"><span class=\"s1\">7. Millaisia vaikutusmahdollisuuksia minulla on?<b><br \/><\/b><\/span><\/h2><p class=\"p13\"><span class=\"s1\">Olemme sitoutuneita tarjoamaan k\u00e4ytt\u00e4jillemme valintoja ja hallintamahdollisuuksia tietosuojaan liittyen.<\/span><\/p><p class=\"p13\"><span class=\"s1\"><strong>7.1. Suoramarkkinointikielto<\/strong><br \/><\/span><\/p><p class=\"p13\"><span class=\"s1\">K\u00e4ytt\u00e4j\u00e4ll\u00e4 on oikeus kielt\u00e4\u00e4 tietojensa k\u00e4ytt\u00f6 suoramainontaan, et\u00e4myyntiin ja muuhun suoramarkkinointiin liittyen ottamalla yhteytt\u00e4 meihin s\u00e4hk\u00f6postitse osoitteeseen\u00a0<a href=\"&#x6d;&#x61;&#x69;&#108;&#116;&#111;:i&#x6e;&#x66;&#x6f;&#x40;&#117;&#112;gl&#x6f;&#x62;&#x61;&#x6c;&#46;&#110;et\">&#x69;&#x6e;&#102;&#111;&#64;u&#x70;&#x67;&#x6c;&#111;ba&#x6c;&#x2e;&#x6e;&#101;&#116;<\/a>.<\/span><\/p><p class=\"p13\"><span class=\"s1\"><strong>7.2. Tietojen tarkastaminen<\/strong><br \/><\/span><\/p><p class=\"p13\"><span class=\"s1\">K\u00e4ytt\u00e4j\u00e4ll\u00e4 on oikeus tarkastaa h\u00e4nest\u00e4 tallennetut henkil\u00f6tiedot. K\u00e4ytt\u00e4j\u00e4n pyynn\u00f6st\u00e4 poistamme tai t\u00e4ydenn\u00e4mme henkil\u00f6tietojen k\u00e4sittelyn tarkoituksen kannalta virheelliset tai vanhentuneet henkil\u00f6tiedot. K\u00e4ytt\u00e4j\u00e4 voi p\u00e4ivitt\u00e4\u00e4 ja\/tai tarkastaa henkil\u00f6tietonsa ottamalla yhteytt\u00e4 meihin.<\/span><\/p><p class=\"p14\"><strong><span class=\"s1\">7.3. Ev\u00e4steiden est\u00e4minen<\/span><\/strong><\/p><p class=\"p11\"><span class=\"s1\">K\u00e4ytt\u00e4j\u00e4 voi tyhjent\u00e4\u00e4 selaimeensa tallentuneet ev\u00e4steet selaimen asetuksista. Ev\u00e4steiden k\u00e4yt\u00f6n est\u00e4minen saattaa vaikuttaa palveluidemme toiminnallisuuteen.<br \/>Tutustu tarkempaan\u00a0<a href=\"https:\/\/upglobal.net\/evastekaytanto\/\">ev\u00e4stek\u00e4yt\u00e4nt\u00f6\u00f6mme t\u00e4\u00e4ll\u00e4<\/a>.<\/span><\/p><p class=\"p11\"><span class=\"s1\">Rekisterinpit\u00e4j\u00e4n\u00e4 toimii\u00a0<strong>Universal Players Global Oy<\/strong>. K\u00e4ytt\u00e4j\u00e4 voi milloin tahansa ottaa yhteytt\u00e4 rekisterinpit\u00e4j\u00e4\u00e4n.<\/span><\/p><p class=\"p11\"><span class=\"s1\">Yhteystiedot:<\/span><\/p><p>Universal Players Global Oy<br \/>Avoinna arkisin klo 10-16:30<br \/>puh. +358 3 222 0606<br \/>email:\u00a0&#x69;n&#x66;o&#x40;&#117;&#x70;&#103;&#x6c;&#111;b&#x61;l&#x2e;n&#x65;&#116;<\/p><\/div>\t\t\t\t\t\t\t\t<\/div>\n\t\t\t\t<\/div>\n\t\t\t\t\t<\/div>\n\t\t\t\t<\/div>\n\t\t\t\t<\/div>\n\t\t\t\t<\/div>\n\t\t","protected":false},"excerpt":{"rendered":"<p>Tietosuojalauseke K\u00e4sittelemme henkil\u00f6tietoja luottamuksellisesti ja EU:n uuden tietosuoja-asetuksen mukaisesti. T\u00e4ss\u00e4 tietosuojalausekkeessa kerrotaan, millaisia tietoja verkkopalvelun k\u00e4ytt\u00e4j\u00e4st\u00e4 ker\u00e4t\u00e4\u00e4n, mihin niit\u00e4 k\u00e4ytet\u00e4\u00e4n ja mit\u00e4 vaikutusmahdollisuuksia k\u00e4ytt\u00e4j\u00e4ll\u00e4 on. 1. Mit\u00e4 henkil\u00f6kohtaisia tietoja ker\u00e4\u00e4mme? 1.1. K\u00e4ytt\u00e4j\u00e4n itse antamat tiedot, esimerkiksi nimi, s\u00e4hk\u00f6postiosoite, osoitetiedot, puhelinnumero kiinnostus- ja harrastustiedot hakijan koulutustiedot kuten koulun nimi, arvosanat ym. demografiatiedot, kuten ik\u00e4, sukupuoli, arvo [&hellip;]<\/p>\n","protected":false},"author":1,"featured_media":4712,"parent":0,"menu_order":0,"comment_status":"closed","ping_status":"closed","template":"","meta":{"footnotes":""},"categories":[],"tags":[],"class_list":["post-10417","page","type-page","status-publish","has-post-thumbnail","hentry"],"yoast_head":"<!-- This site is optimized with the Yoast SEO plugin v26.8 - https:\/\/yoast.com\/product\/yoast-seo-wordpress\/ -->\n<title>Tietosuojalauseke - UP Global<\/title>\n<meta name=\"robots\" content=\"index, follow, max-snippet:-1, max-image-preview:large, max-video-preview:-1\" \/>\n<link rel=\"canonical\" href=\"https:\/\/upglobal.net\/fi\/tietosuojalauseke\/\" \/>\n<meta property=\"og:locale\" content=\"fi_FI\" \/>\n<meta property=\"og:type\" content=\"article\" \/>\n<meta property=\"og:title\" content=\"Tietosuojalauseke - UP Global\" \/>\n<meta property=\"og:description\" content=\"Tietosuojalauseke K\u00e4sittelemme henkil\u00f6tietoja luottamuksellisesti ja EU:n uuden tietosuoja-asetuksen mukaisesti. T\u00e4ss\u00e4 tietosuojalausekkeessa kerrotaan, millaisia tietoja verkkopalvelun k\u00e4ytt\u00e4j\u00e4st\u00e4 ker\u00e4t\u00e4\u00e4n, mihin niit\u00e4 k\u00e4ytet\u00e4\u00e4n ja mit\u00e4 vaikutusmahdollisuuksia k\u00e4ytt\u00e4j\u00e4ll\u00e4 on. 1. Mit\u00e4 henkil\u00f6kohtaisia tietoja ker\u00e4\u00e4mme? 1.1. K\u00e4ytt\u00e4j\u00e4n itse antamat tiedot, esimerkiksi nimi, s\u00e4hk\u00f6postiosoite, osoitetiedot, puhelinnumero kiinnostus- ja harrastustiedot hakijan koulutustiedot kuten koulun nimi, arvosanat ym. demografiatiedot, kuten ik\u00e4, sukupuoli, arvo [&hellip;]\" \/>\n<meta property=\"og:url\" content=\"https:\/\/upglobal.net\/fi\/tietosuojalauseke\/\" \/>\n<meta property=\"og:site_name\" content=\"UP Global\" \/>\n<meta property=\"article:modified_time\" content=\"2025-03-30T08:26:23+00:00\" \/>\n<meta property=\"og:image\" content=\"https:\/\/upglobal.net\/wp-content\/uploads\/2024\/11\/UP_Label_RGB_UP_Global_Ruusuke_Minttu@2x.png\" \/>\n\t<meta property=\"og:image:width\" content=\"341\" \/>\n\t<meta property=\"og:image:height\" content=\"341\" \/>\n\t<meta property=\"og:image:type\" content=\"image\/png\" \/>\n<meta name=\"twitter:card\" content=\"summary_large_image\" \/>\n<meta name=\"twitter:label1\" content=\"Arvioitu lukuaika\" \/>\n\t<meta name=\"twitter:data1\" content=\"5 minuuttia\" \/>\n<script type=\"application\/ld+json\" class=\"yoast-schema-graph\">{\"@context\":\"https:\/\/schema.org\",\"@graph\":[{\"@type\":\"WebPage\",\"@id\":\"https:\/\/upglobal.net\/tietosuojalauseke\/\",\"url\":\"https:\/\/upglobal.net\/tietosuojalauseke\/\",\"name\":\"Tietosuojalauseke - UP Global\",\"isPartOf\":{\"@id\":\"https:\/\/upglobal.net\/fi\/#website\"},\"primaryImageOfPage\":{\"@id\":\"https:\/\/upglobal.net\/tietosuojalauseke\/#primaryimage\"},\"image\":{\"@id\":\"https:\/\/upglobal.net\/tietosuojalauseke\/#primaryimage\"},\"thumbnailUrl\":\"https:\/\/upglobal.net\/wp-content\/uploads\/2024\/11\/UP_Label_RGB_UP_Global_Ruusuke_Minttu@2x.png\",\"datePublished\":\"2025-03-12T03:17:20+00:00\",\"dateModified\":\"2025-03-30T08:26:23+00:00\",\"breadcrumb\":{\"@id\":\"https:\/\/upglobal.net\/tietosuojalauseke\/#breadcrumb\"},\"inLanguage\":\"fi\",\"potentialAction\":[{\"@type\":\"ReadAction\",\"target\":[\"https:\/\/upglobal.net\/tietosuojalauseke\/\"]}]},{\"@type\":\"ImageObject\",\"inLanguage\":\"fi\",\"@id\":\"https:\/\/upglobal.net\/tietosuojalauseke\/#primaryimage\",\"url\":\"https:\/\/upglobal.net\/wp-content\/uploads\/2024\/11\/UP_Label_RGB_UP_Global_Ruusuke_Minttu@2x.png\",\"contentUrl\":\"https:\/\/upglobal.net\/wp-content\/uploads\/2024\/11\/UP_Label_RGB_UP_Global_Ruusuke_Minttu@2x.png\",\"width\":341,\"height\":341},{\"@type\":\"BreadcrumbList\",\"@id\":\"https:\/\/upglobal.net\/tietosuojalauseke\/#breadcrumb\",\"itemListElement\":[{\"@type\":\"ListItem\",\"position\":1,\"name\":\"Home\",\"item\":\"https:\/\/upglobal.net\/fi\/\"},{\"@type\":\"ListItem\",\"position\":2,\"name\":\"Tietosuojalauseke\"}]},{\"@type\":\"WebSite\",\"@id\":\"https:\/\/upglobal.net\/fi\/#website\",\"url\":\"https:\/\/upglobal.net\/fi\/\",\"name\":\"UP Global\",\"description\":\"\",\"publisher\":{\"@id\":\"https:\/\/upglobal.net\/fi\/#organization\"},\"potentialAction\":[{\"@type\":\"SearchAction\",\"target\":{\"@type\":\"EntryPoint\",\"urlTemplate\":\"https:\/\/upglobal.net\/fi\/?s={search_term_string}\"},\"query-input\":{\"@type\":\"PropertyValueSpecification\",\"valueRequired\":true,\"valueName\":\"search_term_string\"}}],\"inLanguage\":\"fi\"},{\"@type\":\"Organization\",\"@id\":\"https:\/\/upglobal.net\/fi\/#organization\",\"name\":\"UP Global\",\"url\":\"https:\/\/upglobal.net\/fi\/\",\"logo\":{\"@type\":\"ImageObject\",\"inLanguage\":\"fi\",\"@id\":\"https:\/\/upglobal.net\/fi\/#\/schema\/logo\/image\/\",\"url\":\"https:\/\/upglobal.net\/wp-content\/uploads\/2024\/03\/UP_logo_RGB_01_sinharmaa.svg\",\"contentUrl\":\"https:\/\/upglobal.net\/wp-content\/uploads\/2024\/03\/UP_logo_RGB_01_sinharmaa.svg\",\"caption\":\"UP Global\"},\"image\":{\"@id\":\"https:\/\/upglobal.net\/fi\/#\/schema\/logo\/image\/\"}}]}<\/script>\n<!-- \/ Yoast SEO plugin. -->","yoast_head_json":{"title":"Tietosuojalauseke - UP Global","robots":{"index":"index","follow":"follow","max-snippet":"max-snippet:-1","max-image-preview":"max-image-preview:large","max-video-preview":"max-video-preview:-1"},"canonical":"https:\/\/upglobal.net\/fi\/tietosuojalauseke\/","og_locale":"fi_FI","og_type":"article","og_title":"Tietosuojalauseke - UP Global","og_description":"Tietosuojalauseke K\u00e4sittelemme henkil\u00f6tietoja luottamuksellisesti ja EU:n uuden tietosuoja-asetuksen mukaisesti. T\u00e4ss\u00e4 tietosuojalausekkeessa kerrotaan, millaisia tietoja verkkopalvelun k\u00e4ytt\u00e4j\u00e4st\u00e4 ker\u00e4t\u00e4\u00e4n, mihin niit\u00e4 k\u00e4ytet\u00e4\u00e4n ja mit\u00e4 vaikutusmahdollisuuksia k\u00e4ytt\u00e4j\u00e4ll\u00e4 on. 1. Mit\u00e4 henkil\u00f6kohtaisia tietoja ker\u00e4\u00e4mme? 1.1. K\u00e4ytt\u00e4j\u00e4n itse antamat tiedot, esimerkiksi nimi, s\u00e4hk\u00f6postiosoite, osoitetiedot, puhelinnumero kiinnostus- ja harrastustiedot hakijan koulutustiedot kuten koulun nimi, arvosanat ym. demografiatiedot, kuten ik\u00e4, sukupuoli, arvo [&hellip;]","og_url":"https:\/\/upglobal.net\/fi\/tietosuojalauseke\/","og_site_name":"UP Global","article_modified_time":"2025-03-30T08:26:23+00:00","og_image":[{"width":341,"height":341,"url":"https:\/\/upglobal.net\/wp-content\/uploads\/2024\/11\/UP_Label_RGB_UP_Global_Ruusuke_Minttu@2x.png","type":"image\/png"}],"twitter_card":"summary_large_image","twitter_misc":{"Arvioitu lukuaika":"5 minuuttia"},"schema":{"@context":"https:\/\/schema.org","@graph":[{"@type":"WebPage","@id":"https:\/\/upglobal.net\/tietosuojalauseke\/","url":"https:\/\/upglobal.net\/tietosuojalauseke\/","name":"Tietosuojalauseke - UP Global","isPartOf":{"@id":"https:\/\/upglobal.net\/fi\/#website"},"primaryImageOfPage":{"@id":"https:\/\/upglobal.net\/tietosuojalauseke\/#primaryimage"},"image":{"@id":"https:\/\/upglobal.net\/tietosuojalauseke\/#primaryimage"},"thumbnailUrl":"https:\/\/upglobal.net\/wp-content\/uploads\/2024\/11\/UP_Label_RGB_UP_Global_Ruusuke_Minttu@2x.png","datePublished":"2025-03-12T03:17:20+00:00","dateModified":"2025-03-30T08:26:23+00:00","breadcrumb":{"@id":"https:\/\/upglobal.net\/tietosuojalauseke\/#breadcrumb"},"inLanguage":"fi","potentialAction":[{"@type":"ReadAction","target":["https:\/\/upglobal.net\/tietosuojalauseke\/"]}]},{"@type":"ImageObject","inLanguage":"fi","@id":"https:\/\/upglobal.net\/tietosuojalauseke\/#primaryimage","url":"https:\/\/upglobal.net\/wp-content\/uploads\/2024\/11\/UP_Label_RGB_UP_Global_Ruusuke_Minttu@2x.png","contentUrl":"https:\/\/upglobal.net\/wp-content\/uploads\/2024\/11\/UP_Label_RGB_UP_Global_Ruusuke_Minttu@2x.png","width":341,"height":341},{"@type":"BreadcrumbList","@id":"https:\/\/upglobal.net\/tietosuojalauseke\/#breadcrumb","itemListElement":[{"@type":"ListItem","position":1,"name":"Home","item":"https:\/\/upglobal.net\/fi\/"},{"@type":"ListItem","position":2,"name":"Tietosuojalauseke"}]},{"@type":"WebSite","@id":"https:\/\/upglobal.net\/fi\/#website","url":"https:\/\/upglobal.net\/fi\/","name":"UP Global","description":"","publisher":{"@id":"https:\/\/upglobal.net\/fi\/#organization"},"potentialAction":[{"@type":"SearchAction","target":{"@type":"EntryPoint","urlTemplate":"https:\/\/upglobal.net\/fi\/?s={search_term_string}"},"query-input":{"@type":"PropertyValueSpecification","valueRequired":true,"valueName":"search_term_string"}}],"inLanguage":"fi"},{"@type":"Organization","@id":"https:\/\/upglobal.net\/fi\/#organization","name":"UP Global","url":"https:\/\/upglobal.net\/fi\/","logo":{"@type":"ImageObject","inLanguage":"fi","@id":"https:\/\/upglobal.net\/fi\/#\/schema\/logo\/image\/","url":"https:\/\/upglobal.net\/wp-content\/uploads\/2024\/03\/UP_logo_RGB_01_sinharmaa.svg","contentUrl":"https:\/\/upglobal.net\/wp-content\/uploads\/2024\/03\/UP_logo_RGB_01_sinharmaa.svg","caption":"UP Global"},"image":{"@id":"https:\/\/upglobal.net\/fi\/#\/schema\/logo\/image\/"}}]}},"_links":{"self":[{"href":"https:\/\/upglobal.net\/fi\/wp-json\/wp\/v2\/pages\/10417","targetHints":{"allow":["GET"]}}],"collection":[{"href":"https:\/\/upglobal.net\/fi\/wp-json\/wp\/v2\/pages"}],"about":[{"href":"https:\/\/upglobal.net\/fi\/wp-json\/wp\/v2\/types\/page"}],"author":[{"embeddable":true,"href":"https:\/\/upglobal.net\/fi\/wp-json\/wp\/v2\/users\/1"}],"replies":[{"embeddable":true,"href":"https:\/\/upglobal.net\/fi\/wp-json\/wp\/v2\/comments?post=10417"}],"version-history":[{"count":16,"href":"https:\/\/upglobal.net\/fi\/wp-json\/wp\/v2\/pages\/10417\/revisions"}],"predecessor-version":[{"id":12245,"href":"https:\/\/upglobal.net\/fi\/wp-json\/wp\/v2\/pages\/10417\/revisions\/12245"}],"wp:featuredmedia":[{"embeddable":true,"href":"https:\/\/upglobal.net\/fi\/wp-json\/wp\/v2\/media\/4712"}],"wp:attachment":[{"href":"https:\/\/upglobal.net\/fi\/wp-json\/wp\/v2\/media?parent=10417"}],"wp:term":[{"taxonomy":"category","embeddable":true,"href":"https:\/\/upglobal.net\/fi\/wp-json\/wp\/v2\/categories?post=10417"},{"taxonomy":"post_tag","embeddable":true,"href":"https:\/\/upglobal.net\/fi\/wp-json\/wp\/v2\/tags?post=10417"}],"curies":[{"name":"wp","href":"https:\/\/api.w.org\/{rel}","templated":true}]}}